{"id":4161,"date":"2025-09-03T15:05:23","date_gmt":"2025-09-03T13:05:23","guid":{"rendered":"https:\/\/divainers.com\/?post_type=product&#038;p=4161"},"modified":"2026-03-16T16:08:38","modified_gmt":"2026-03-16T15:08:38","slug":"divain-1065","status":"publish","type":"product","link":"https:\/\/divainers.com\/no\/producto\/divain-1065\/","title":{"rendered":"divain.1065"},"content":{"rendered":"<p>Irradia una energ\u00eda vibrante y magn\u00e9tica, con un car\u00e1cter audaz y fascinante que envuelve los sentidos. Una fragancia poderosa y sofisticada, perfecta para quienes buscan destacar con una presencia intensa y memorable.<\/p>\n","protected":false},"excerpt":{"rendered":"<p>Recuerda a God of Fire de St\u00e9phane Humbert Lucas 777<\/p>\n","protected":false},"featured_media":4162,"comment_status":"open","ping_status":"closed","template":"","meta":[],"product_brand":[],"product_cat":[1090],"product_tag":[],"class_list":{"0":"post-4161","1":"product","2":"type-product","3":"status-publish","4":"has-post-thumbnail","6":"product_cat-stephane-humbert-lucas-777","8":"first","9":"instock","10":"shipping-taxable","11":"product-type-simple"},"_links":{"self":[{"href":"https:\/\/divainers.com\/no\/wp-json\/wp\/v2\/product\/4161","targetHints":{"allow":["GET"]}}],"collection":[{"href":"https:\/\/divainers.com\/no\/wp-json\/wp\/v2\/product"}],"about":[{"href":"https:\/\/divainers.com\/no\/wp-json\/wp\/v2\/types\/product"}],"replies":[{"embeddable":true,"href":"https:\/\/divainers.com\/no\/wp-json\/wp\/v2\/comments?post=4161"}],"wp:featuredmedia":[{"embeddable":true,"href":"https:\/\/divainers.com\/no\/wp-json\/wp\/v2\/media\/4162"}],"wp:attachment":[{"href":"https:\/\/divainers.com\/no\/wp-json\/wp\/v2\/media?parent=4161"}],"wp:term":[{"taxonomy":"product_brand","embeddable":true,"href":"https:\/\/divainers.com\/no\/wp-json\/wp\/v2\/product_brand?post=4161"},{"taxonomy":"product_cat","embeddable":true,"href":"https:\/\/divainers.com\/no\/wp-json\/wp\/v2\/product_cat?post=4161"},{"taxonomy":"product_tag","embeddable":true,"href":"https:\/\/divainers.com\/no\/wp-json\/wp\/v2\/product_tag?post=4161"}],"curies":[{"name":"wp","href":"https:\/\/api.w.org\/{rel}","templated":true}]}}