{"id":445,"date":"2025-01-31T08:32:04","date_gmt":"2025-01-31T07:32:04","guid":{"rendered":"https:\/\/divainers.com\/producto\/divain-355\/"},"modified":"2026-03-16T16:07:22","modified_gmt":"2026-03-16T15:07:22","slug":"divain-355","status":"publish","type":"product","link":"https:\/\/divainers.com\/no\/producto\/divain-355\/","title":{"rendered":"divain.355"},"content":{"rendered":"<p>Una fragancia vibrante y juvenil con una apertura fresca y afrutada, donde las notas verdes y c\u00edtricas aportan energ\u00eda y vitalidad. Su coraz\u00f3n arom\u00e1tico y especiado le da un toque moderno y din\u00e1mico, mientras que el fondo amaderado y c\u00e1lido aporta profundidad y un aire sofisticado. Ideal para quienes buscan un aroma urbano, desenfadado y lleno de personalidad.<\/p>\n","protected":false},"excerpt":{"rendered":"<p>Recuerda a 212 Heroes de Carolina Herrera<\/p>\n","protected":false},"featured_media":4420,"comment_status":"open","ping_status":"closed","template":"","meta":[],"product_brand":[],"product_cat":[160],"product_tag":[25],"class_list":{"0":"post-445","1":"product","2":"type-product","3":"status-publish","4":"has-post-thumbnail","6":"product_cat-carolina-herrera","7":"product_tag-hombre","9":"first","10":"instock","11":"shipping-taxable","12":"product-type-simple"},"_links":{"self":[{"href":"https:\/\/divainers.com\/no\/wp-json\/wp\/v2\/product\/445","targetHints":{"allow":["GET"]}}],"collection":[{"href":"https:\/\/divainers.com\/no\/wp-json\/wp\/v2\/product"}],"about":[{"href":"https:\/\/divainers.com\/no\/wp-json\/wp\/v2\/types\/product"}],"replies":[{"embeddable":true,"href":"https:\/\/divainers.com\/no\/wp-json\/wp\/v2\/comments?post=445"}],"wp:featuredmedia":[{"embeddable":true,"href":"https:\/\/divainers.com\/no\/wp-json\/wp\/v2\/media\/4420"}],"wp:attachment":[{"href":"https:\/\/divainers.com\/no\/wp-json\/wp\/v2\/media?parent=445"}],"wp:term":[{"taxonomy":"product_brand","embeddable":true,"href":"https:\/\/divainers.com\/no\/wp-json\/wp\/v2\/product_brand?post=445"},{"taxonomy":"product_cat","embeddable":true,"href":"https:\/\/divainers.com\/no\/wp-json\/wp\/v2\/product_cat?post=445"},{"taxonomy":"product_tag","embeddable":true,"href":"https:\/\/divainers.com\/no\/wp-json\/wp\/v2\/product_tag?post=445"}],"curies":[{"name":"wp","href":"https:\/\/api.w.org\/{rel}","templated":true}]}}