{"id":458,"date":"2025-01-31T08:32:05","date_gmt":"2025-01-31T07:32:05","guid":{"rendered":"https:\/\/divainers.com\/producto\/divain-126\/"},"modified":"2026-03-16T16:07:23","modified_gmt":"2026-03-16T15:07:23","slug":"divain-126","status":"publish","type":"product","link":"https:\/\/divainers.com\/no\/producto\/divain-126\/","title":{"rendered":"divain.126"},"content":{"rendered":"<p>Un aroma sofisticado y vibrante que captura la esencia del azar y la elegancia atemporal. Su apertura chispeante de pimienta rosa y c\u00edtricos aporta una frescura luminosa y energ\u00e9tica. En el coraz\u00f3n, el jazm\u00edn y el iris despliegan su feminidad envolvente y delicada. En el fondo, el pachul\u00ed, la vainilla y el almizcle blanco crean una estela c\u00e1lida, seductora y profundamente elegante, perfecta para la mujer segura de s\u00ed misma, sofisticada y con un aura de misterio y encanto irresistible.<\/p>\n","protected":false},"excerpt":{"rendered":"<p>Recuerda a Chance Eau de Parfum de Chanel<\/p>\n","protected":false},"featured_media":3615,"comment_status":"open","ping_status":"closed","template":"","meta":[],"product_brand":[],"product_cat":[2118],"product_tag":[1446],"class_list":{"0":"post-458","1":"product","2":"type-product","3":"status-publish","4":"has-post-thumbnail","6":"product_cat-chanel","7":"product_tag-zenske","9":"first","10":"instock","11":"shipping-taxable","12":"product-type-simple"},"_links":{"self":[{"href":"https:\/\/divainers.com\/no\/wp-json\/wp\/v2\/product\/458","targetHints":{"allow":["GET"]}}],"collection":[{"href":"https:\/\/divainers.com\/no\/wp-json\/wp\/v2\/product"}],"about":[{"href":"https:\/\/divainers.com\/no\/wp-json\/wp\/v2\/types\/product"}],"replies":[{"embeddable":true,"href":"https:\/\/divainers.com\/no\/wp-json\/wp\/v2\/comments?post=458"}],"wp:featuredmedia":[{"embeddable":true,"href":"https:\/\/divainers.com\/no\/wp-json\/wp\/v2\/media\/3615"}],"wp:attachment":[{"href":"https:\/\/divainers.com\/no\/wp-json\/wp\/v2\/media?parent=458"}],"wp:term":[{"taxonomy":"product_brand","embeddable":true,"href":"https:\/\/divainers.com\/no\/wp-json\/wp\/v2\/product_brand?post=458"},{"taxonomy":"product_cat","embeddable":true,"href":"https:\/\/divainers.com\/no\/wp-json\/wp\/v2\/product_cat?post=458"},{"taxonomy":"product_tag","embeddable":true,"href":"https:\/\/divainers.com\/no\/wp-json\/wp\/v2\/product_tag?post=458"}],"curies":[{"name":"wp","href":"https:\/\/api.w.org\/{rel}","templated":true}]}}