{"id":464,"date":"2025-01-31T08:32:06","date_gmt":"2025-01-31T07:32:06","guid":{"rendered":"https:\/\/divainers.com\/producto\/divain-268\/"},"modified":"2026-03-16T16:07:24","modified_gmt":"2026-03-16T15:07:24","slug":"divain-268","status":"publish","type":"product","link":"https:\/\/divainers.com\/no\/producto\/divain-268\/","title":{"rendered":"divain.268"},"content":{"rendered":"<p>Es una fragancia masculina rica y profunda, que proyecta una sensaci\u00f3n de poder y sofisticaci\u00f3n. Se caracteriza por una estructura oriental amaderada, con notas de salida frescas de lim\u00f3n y bergamota, que dan paso a un coraz\u00f3n especiado con jazm\u00edn y cilantro. Su base es intensa y c\u00e1lida, con una combinaci\u00f3n de cuero, almizcle, s\u00e1ndalo y vainilla, lo que le otorga fuerza y masculinidad. Ideal para ocasiones formales o nocturnas, esta fragancia refleja una elegancia cl\u00e1sica y atemporal.<\/p>\n","protected":false},"excerpt":{"rendered":"<p>Recuerda a Antaeus de Chanel<\/p>\n","protected":false},"featured_media":3734,"comment_status":"open","ping_status":"closed","template":"","meta":[],"product_brand":[],"product_cat":[188],"product_tag":[25],"class_list":{"0":"post-464","1":"product","2":"type-product","3":"status-publish","4":"has-post-thumbnail","6":"product_cat-chanel","7":"product_tag-hombre","9":"first","10":"instock","11":"shipping-taxable","12":"product-type-simple"},"_links":{"self":[{"href":"https:\/\/divainers.com\/no\/wp-json\/wp\/v2\/product\/464","targetHints":{"allow":["GET"]}}],"collection":[{"href":"https:\/\/divainers.com\/no\/wp-json\/wp\/v2\/product"}],"about":[{"href":"https:\/\/divainers.com\/no\/wp-json\/wp\/v2\/types\/product"}],"replies":[{"embeddable":true,"href":"https:\/\/divainers.com\/no\/wp-json\/wp\/v2\/comments?post=464"}],"wp:featuredmedia":[{"embeddable":true,"href":"https:\/\/divainers.com\/no\/wp-json\/wp\/v2\/media\/3734"}],"wp:attachment":[{"href":"https:\/\/divainers.com\/no\/wp-json\/wp\/v2\/media?parent=464"}],"wp:term":[{"taxonomy":"product_brand","embeddable":true,"href":"https:\/\/divainers.com\/no\/wp-json\/wp\/v2\/product_brand?post=464"},{"taxonomy":"product_cat","embeddable":true,"href":"https:\/\/divainers.com\/no\/wp-json\/wp\/v2\/product_cat?post=464"},{"taxonomy":"product_tag","embeddable":true,"href":"https:\/\/divainers.com\/no\/wp-json\/wp\/v2\/product_tag?post=464"}],"curies":[{"name":"wp","href":"https:\/\/api.w.org\/{rel}","templated":true}]}}