{"id":486,"date":"2025-01-31T08:32:09","date_gmt":"2025-01-31T07:32:09","guid":{"rendered":"https:\/\/divainers.com\/producto\/divain-300\/"},"modified":"2026-04-30T16:23:26","modified_gmt":"2026-04-30T14:23:26","slug":"divain-300","status":"publish","type":"product","link":"https:\/\/divainers.com\/no\/producto\/divain-300\/","title":{"rendered":"divain.300"},"content":{"rendered":"<p>Je to intenzivn\u00ed a odv\u00e1\u017en\u00e1 v\u016fn\u011b, kter\u00e1 kombinuje sv\u011b\u017e\u00ed a ko\u0159en\u011bn\u00e9 t\u00f3ny s d\u0159evit\u00fdm a aromatick\u00fdm z\u00e1kladem. Vrchn\u00ed t\u00f3ny jsou \u017eiv\u00e9, s citrusovou sm\u011bs\u00ed bergamotu a citronu, dopln\u011bn\u00e9 jemn\u00fdm ko\u0159en\u011bn\u00fdm n\u00e1dechem r\u016f\u017eov\u00e9ho pep\u0159e. V srdci v\u016fn\u011b levandule a pelargonie p\u0159in\u00e1\u0161ej\u00ed jemn\u00fd bylinn\u00fd charakter, zat\u00edmco d\u0159evit\u00fd z\u00e1klad ze santalov\u00e9ho d\u0159eva a vetiveru dod\u00e1v\u00e1 hloubku a pocit klasick\u00e9 sofistikovanosti. Je to siln\u00e1 a energick\u00e1 v\u016fn\u011b pro ty, kdo hledaj\u00ed sv\u011b\u017eest s v\u00fdraznou a distingovanou p\u0159\u00edtomnost\u00ed.<\/p>\n","protected":false},"excerpt":{"rendered":"<p>P\u0159ipom\u00edn\u00e1 Viking Creed od Creed<\/p>\n","protected":false},"featured_media":16036,"comment_status":"open","ping_status":"closed","template":"","meta":[],"product_brand":[],"product_cat":[2275],"product_tag":[1343],"class_list":{"0":"post-486","1":"product","2":"type-product","3":"status-publish","4":"has-post-thumbnail","6":"product_cat-creed","7":"product_tag-hommes","9":"first","10":"instock","11":"shipping-taxable","12":"product-type-simple"},"_links":{"self":[{"href":"https:\/\/divainers.com\/no\/wp-json\/wp\/v2\/product\/486","targetHints":{"allow":["GET"]}}],"collection":[{"href":"https:\/\/divainers.com\/no\/wp-json\/wp\/v2\/product"}],"about":[{"href":"https:\/\/divainers.com\/no\/wp-json\/wp\/v2\/types\/product"}],"replies":[{"embeddable":true,"href":"https:\/\/divainers.com\/no\/wp-json\/wp\/v2\/comments?post=486"}],"wp:featuredmedia":[{"embeddable":true,"href":"https:\/\/divainers.com\/no\/wp-json\/wp\/v2\/media\/16036"}],"wp:attachment":[{"href":"https:\/\/divainers.com\/no\/wp-json\/wp\/v2\/media?parent=486"}],"wp:term":[{"taxonomy":"product_brand","embeddable":true,"href":"https:\/\/divainers.com\/no\/wp-json\/wp\/v2\/product_brand?post=486"},{"taxonomy":"product_cat","embeddable":true,"href":"https:\/\/divainers.com\/no\/wp-json\/wp\/v2\/product_cat?post=486"},{"taxonomy":"product_tag","embeddable":true,"href":"https:\/\/divainers.com\/no\/wp-json\/wp\/v2\/product_tag?post=486"}],"curies":[{"name":"wp","href":"https:\/\/api.w.org\/{rel}","templated":true}]}}