{"id":488,"date":"2025-01-31T08:32:09","date_gmt":"2025-01-31T07:32:09","guid":{"rendered":"https:\/\/divainers.com\/producto\/divain-322\/"},"modified":"2026-04-30T16:23:29","modified_gmt":"2026-04-30T14:23:29","slug":"divain-322","status":"publish","type":"product","link":"https:\/\/divainers.com\/no\/producto\/divain-322\/","title":{"rendered":"divain.322"},"content":{"rendered":"<p>Siln\u00e1 a sofistikovan\u00e1 v\u016fn\u011b s \u017eiv\u00fdm \u00favodem jisk\u0159iv\u00fdch citrus\u016f a \u0161\u0165avnat\u00e9ho ananasu, n\u00e1sledovan\u00e1 robustn\u00edm srdcem z kou\u0159it\u00e9ho d\u0159eva a pa\u010duli. Jej\u00ed hlubok\u00fd z\u00e1klad kombinuje dubov\u00fd mech, \u0161ed\u00fd jantar a pi\u017ema, co\u017e j\u00ed dod\u00e1v\u00e1 intenzivn\u00ed, rafinovan\u00fd a dlouhotrvaj\u00edc\u00ed charakter. Obklopuj\u00edc\u00ed a charismatick\u00e1 v\u016fn\u011b, ide\u00e1ln\u00ed pro ty, kte\u0159\u00ed hledaj\u00ed eleganci a odhodl\u00e1n\u00ed v ka\u017ed\u00e9 not\u011b.<\/p>\n","protected":false},"excerpt":{"rendered":"<p>P\u0159ipom\u00edn\u00e1 Aventus Intense Version od Creed<\/p>\n","protected":false},"featured_media":16038,"comment_status":"open","ping_status":"closed","template":"","meta":[],"product_brand":[],"product_cat":[2270],"product_tag":[1373],"class_list":{"0":"post-488","1":"product","2":"type-product","3":"status-publish","4":"has-post-thumbnail","6":"product_cat-creed","7":"product_tag-1373","9":"first","10":"instock","11":"shipping-taxable","12":"product-type-simple"},"_links":{"self":[{"href":"https:\/\/divainers.com\/no\/wp-json\/wp\/v2\/product\/488","targetHints":{"allow":["GET"]}}],"collection":[{"href":"https:\/\/divainers.com\/no\/wp-json\/wp\/v2\/product"}],"about":[{"href":"https:\/\/divainers.com\/no\/wp-json\/wp\/v2\/types\/product"}],"replies":[{"embeddable":true,"href":"https:\/\/divainers.com\/no\/wp-json\/wp\/v2\/comments?post=488"}],"wp:featuredmedia":[{"embeddable":true,"href":"https:\/\/divainers.com\/no\/wp-json\/wp\/v2\/media\/16038"}],"wp:attachment":[{"href":"https:\/\/divainers.com\/no\/wp-json\/wp\/v2\/media?parent=488"}],"wp:term":[{"taxonomy":"product_brand","embeddable":true,"href":"https:\/\/divainers.com\/no\/wp-json\/wp\/v2\/product_brand?post=488"},{"taxonomy":"product_cat","embeddable":true,"href":"https:\/\/divainers.com\/no\/wp-json\/wp\/v2\/product_cat?post=488"},{"taxonomy":"product_tag","embeddable":true,"href":"https:\/\/divainers.com\/no\/wp-json\/wp\/v2\/product_tag?post=488"}],"curies":[{"name":"wp","href":"https:\/\/api.w.org\/{rel}","templated":true}]}}