{"id":508,"date":"2025-01-31T08:32:12","date_gmt":"2025-01-31T07:32:12","guid":{"rendered":"https:\/\/divainers.com\/producto\/divain-063\/"},"modified":"2026-03-16T16:07:28","modified_gmt":"2026-03-16T15:07:28","slug":"divain-063","status":"publish","type":"product","link":"https:\/\/divainers.com\/no\/producto\/divain-063\/","title":{"rendered":"divain.063"},"content":{"rendered":"<p>Un aroma radiante y sofisticado que exalta la feminidad en su m\u00e1xima expresi\u00f3n. Su apertura luminosa de bergamota y pera aporta un toque fresco y chispeante. En el coraz\u00f3n, un lujoso bouquet de jazm\u00edn, rosa y ylang-ylang envuelve la fragancia con una elegancia floral inigualable. En el fondo, el almizcle, la vainilla y la madera de cedro crean una estela c\u00e1lida y envolvente, perfecta para la mujer segura, elegante y con un carisma irresistible.<\/p>\n","protected":false},"excerpt":{"rendered":"<p>Recuerda a J&#8217;Adore de Dior<\/p>\n","protected":false},"featured_media":3354,"comment_status":"open","ping_status":"closed","template":"","meta":[],"product_brand":[],"product_cat":[2393],"product_tag":[1424],"class_list":{"0":"post-508","1":"product","2":"type-product","3":"status-publish","4":"has-post-thumbnail","6":"product_cat-dior","7":"product_tag-femmes","9":"first","10":"instock","11":"shipping-taxable","12":"product-type-simple"},"_links":{"self":[{"href":"https:\/\/divainers.com\/no\/wp-json\/wp\/v2\/product\/508","targetHints":{"allow":["GET"]}}],"collection":[{"href":"https:\/\/divainers.com\/no\/wp-json\/wp\/v2\/product"}],"about":[{"href":"https:\/\/divainers.com\/no\/wp-json\/wp\/v2\/types\/product"}],"replies":[{"embeddable":true,"href":"https:\/\/divainers.com\/no\/wp-json\/wp\/v2\/comments?post=508"}],"wp:featuredmedia":[{"embeddable":true,"href":"https:\/\/divainers.com\/no\/wp-json\/wp\/v2\/media\/3354"}],"wp:attachment":[{"href":"https:\/\/divainers.com\/no\/wp-json\/wp\/v2\/media?parent=508"}],"wp:term":[{"taxonomy":"product_brand","embeddable":true,"href":"https:\/\/divainers.com\/no\/wp-json\/wp\/v2\/product_brand?post=508"},{"taxonomy":"product_cat","embeddable":true,"href":"https:\/\/divainers.com\/no\/wp-json\/wp\/v2\/product_cat?post=508"},{"taxonomy":"product_tag","embeddable":true,"href":"https:\/\/divainers.com\/no\/wp-json\/wp\/v2\/product_tag?post=508"}],"curies":[{"name":"wp","href":"https:\/\/api.w.org\/{rel}","templated":true}]}}