{"id":685,"date":"2025-01-31T08:32:34","date_gmt":"2025-01-31T07:32:34","guid":{"rendered":"https:\/\/divainers.com\/producto\/divain-080\/"},"modified":"2026-03-16T16:07:41","modified_gmt":"2026-03-16T15:07:41","slug":"divain-080","status":"publish","type":"product","link":"https:\/\/divainers.com\/no\/producto\/divain-080\/","title":{"rendered":"divain.080"},"content":{"rendered":"<p>Un aroma audaz y luminoso que envuelve los sentidos con una feminidad radiante y envolvente. Su apertura chispeante de frutos rojos y bergamota aporta un toque jugoso y vibrante. En el coraz\u00f3n, la violeta y la flor de azahar crean una combinaci\u00f3n empolvada y sofisticada, mientras que en el fondo, el iris, la vainilla y el haba tonka dejan una estela c\u00e1lida, sensual y adictiva. Perfecto para la mujer segura de s\u00ed misma, elegante y con un encanto irresistible.<\/p>\n","protected":false},"excerpt":{"rendered":"<p>Recuerda a Insolence de Guerlain<\/p>\n","protected":false},"featured_media":3451,"comment_status":"open","ping_status":"closed","template":"","meta":[],"product_brand":[],"product_cat":[443],"product_tag":[1428],"class_list":{"0":"post-685","1":"product","2":"type-product","3":"status-publish","4":"has-post-thumbnail","6":"product_cat-guerlain","7":"product_tag-naiset","9":"first","10":"instock","11":"shipping-taxable","12":"product-type-simple"},"_links":{"self":[{"href":"https:\/\/divainers.com\/no\/wp-json\/wp\/v2\/product\/685","targetHints":{"allow":["GET"]}}],"collection":[{"href":"https:\/\/divainers.com\/no\/wp-json\/wp\/v2\/product"}],"about":[{"href":"https:\/\/divainers.com\/no\/wp-json\/wp\/v2\/types\/product"}],"replies":[{"embeddable":true,"href":"https:\/\/divainers.com\/no\/wp-json\/wp\/v2\/comments?post=685"}],"wp:featuredmedia":[{"embeddable":true,"href":"https:\/\/divainers.com\/no\/wp-json\/wp\/v2\/media\/3451"}],"wp:attachment":[{"href":"https:\/\/divainers.com\/no\/wp-json\/wp\/v2\/media?parent=685"}],"wp:term":[{"taxonomy":"product_brand","embeddable":true,"href":"https:\/\/divainers.com\/no\/wp-json\/wp\/v2\/product_brand?post=685"},{"taxonomy":"product_cat","embeddable":true,"href":"https:\/\/divainers.com\/no\/wp-json\/wp\/v2\/product_cat?post=685"},{"taxonomy":"product_tag","embeddable":true,"href":"https:\/\/divainers.com\/no\/wp-json\/wp\/v2\/product_tag?post=685"}],"curies":[{"name":"wp","href":"https:\/\/api.w.org\/{rel}","templated":true}]}}