{"id":7011,"date":"2025-01-31T08:31:48","date_gmt":"2025-01-31T07:31:48","guid":{"rendered":"https:\/\/divainers.com\/producto\/divain-205\/"},"modified":"2026-03-26T14:15:49","modified_gmt":"2026-03-26T13:15:49","slug":"divain-205","status":"publish","type":"product","link":"https:\/\/divainers.com\/no\/producto\/divain-205\/","title":{"rendered":"Divain.205"},"content":{"rendered":"<p><span data-sheets-root=\"1\">En livlig og magnetisk duft som utstr\u00e5ler selvtillit og ungdom med hver note. Den friske og stimulerende \u00e5pningen blander sitron, appelsin og kardemomme, og skaper en sitrusaktig eksplosjon full av energi. I hjertet gir lavendel og rosmarin en ren og maskulin aromatisk touch, mens den treaktige basen av musk, vetiver og eikemose tilf\u00f8rer dybde og sensualitet. Perfekt for dem som \u00f8nsker en frisk, dristig og forf\u00f8rende duft, ideell for daglig bruk eller for \u00e5 etterlate et uforglemmelig inntrykk.   <\/span><\/p>\n","protected":false},"excerpt":{"rendered":"<p>Husk Fierce fra Abercrombie &amp; Fitch<\/p>\n","protected":false},"featured_media":3374,"comment_status":"open","ping_status":"closed","template":"","meta":[],"product_brand":[],"product_cat":[1326],"product_tag":[1356],"class_list":{"0":"post-7011","1":"product","2":"type-product","3":"status-publish","4":"has-post-thumbnail","6":"product_cat-abercrombie-fitch","7":"product_tag-uomo","9":"first","10":"instock","11":"shipping-taxable","12":"product-type-simple"},"_links":{"self":[{"href":"https:\/\/divainers.com\/no\/wp-json\/wp\/v2\/product\/7011","targetHints":{"allow":["GET"]}}],"collection":[{"href":"https:\/\/divainers.com\/no\/wp-json\/wp\/v2\/product"}],"about":[{"href":"https:\/\/divainers.com\/no\/wp-json\/wp\/v2\/types\/product"}],"replies":[{"embeddable":true,"href":"https:\/\/divainers.com\/no\/wp-json\/wp\/v2\/comments?post=7011"}],"wp:featuredmedia":[{"embeddable":true,"href":"https:\/\/divainers.com\/no\/wp-json\/wp\/v2\/media\/3374"}],"wp:attachment":[{"href":"https:\/\/divainers.com\/no\/wp-json\/wp\/v2\/media?parent=7011"}],"wp:term":[{"taxonomy":"product_brand","embeddable":true,"href":"https:\/\/divainers.com\/no\/wp-json\/wp\/v2\/product_brand?post=7011"},{"taxonomy":"product_cat","embeddable":true,"href":"https:\/\/divainers.com\/no\/wp-json\/wp\/v2\/product_cat?post=7011"},{"taxonomy":"product_tag","embeddable":true,"href":"https:\/\/divainers.com\/no\/wp-json\/wp\/v2\/product_tag?post=7011"}],"curies":[{"name":"wp","href":"https:\/\/api.w.org\/{rel}","templated":true}]}}