{"id":7029,"date":"2025-01-31T08:31:48","date_gmt":"2025-01-31T07:31:48","guid":{"rendered":"https:\/\/divainers.com\/producto\/divain-320\/"},"modified":"2026-04-30T09:43:02","modified_gmt":"2026-04-30T07:43:02","slug":"divain-320","status":"publish","type":"product","link":"https:\/\/divainers.com\/no\/producto\/divain-320\/","title":{"rendered":"divain.320"},"content":{"rendered":"<p>En livlig og maskulin duft med en frisk og fruktig \u00e5pning takket v\u00e6re bergamot og gr\u00f8nt eple, kombinert med et krydret hint av kardemomme. I hjertet gir aromatiske noter av lavendel og rosmarin en ren og moderne karakter, mens basen blir varmere og omsluttende med amber, tonkab\u00f8nne og dype tretoner, og skaper en balansert duft mellom friskhet og sensualitet, perfekt for hverdagsbruk.<\/p>\n","protected":false},"excerpt":{"rendered":"<p>Ligner p\u00e5 First Instinct Blue fra Abercrombie &#038; Fitch<\/p>\n","protected":false},"featured_media":7030,"comment_status":"open","ping_status":"closed","template":"","meta":[],"product_brand":[],"product_cat":[1326],"product_tag":[1364],"class_list":{"0":"post-7029","1":"product","2":"type-product","3":"status-publish","4":"has-post-thumbnail","6":"product_cat-abercrombie-fitch","7":"product_tag-menn","9":"first","10":"instock","11":"shipping-taxable","12":"product-type-simple"},"_links":{"self":[{"href":"https:\/\/divainers.com\/no\/wp-json\/wp\/v2\/product\/7029","targetHints":{"allow":["GET"]}}],"collection":[{"href":"https:\/\/divainers.com\/no\/wp-json\/wp\/v2\/product"}],"about":[{"href":"https:\/\/divainers.com\/no\/wp-json\/wp\/v2\/types\/product"}],"replies":[{"embeddable":true,"href":"https:\/\/divainers.com\/no\/wp-json\/wp\/v2\/comments?post=7029"}],"wp:featuredmedia":[{"embeddable":true,"href":"https:\/\/divainers.com\/no\/wp-json\/wp\/v2\/media\/7030"}],"wp:attachment":[{"href":"https:\/\/divainers.com\/no\/wp-json\/wp\/v2\/media?parent=7029"}],"wp:term":[{"taxonomy":"product_brand","embeddable":true,"href":"https:\/\/divainers.com\/no\/wp-json\/wp\/v2\/product_brand?post=7029"},{"taxonomy":"product_cat","embeddable":true,"href":"https:\/\/divainers.com\/no\/wp-json\/wp\/v2\/product_cat?post=7029"},{"taxonomy":"product_tag","embeddable":true,"href":"https:\/\/divainers.com\/no\/wp-json\/wp\/v2\/product_tag?post=7029"}],"curies":[{"name":"wp","href":"https:\/\/api.w.org\/{rel}","templated":true}]}}