{"id":7152,"date":"2025-01-31T08:31:49","date_gmt":"2025-01-31T07:31:49","guid":{"rendered":"https:\/\/divainers.com\/producto\/divain-443\/"},"modified":"2026-04-30T09:43:40","modified_gmt":"2026-04-30T07:43:40","slug":"divain-443","status":"publish","type":"product","link":"https:\/\/divainers.com\/no\/producto\/divain-443\/","title":{"rendered":"Divain.443"},"content":{"rendered":"<p>En frisk og lys duft som tar deg med til Middelhavets bris, hvor solen kysser huden og havet hvisker i horisonten. Fra f\u00f8rste \u00f8yeblikk vekker myrtens vitalitet og den sprudlende italienske sitrusen sansene med en str\u00e5lende energi. I hjertet tilf\u00f8rer einer og blomsteraktige noter en aromatisk og raffinert touch som fremkaller naturen i sin ypperste form. Til slutt etterlater en rav- og muskebunn en myk, omsluttende og elegant duft. En revitaliserende og sofistikert parfyme, ideell for de som s\u00f8ker friskhet, ro og en f\u00f8lelse av middelhavets flukt.<\/p>\n","protected":false},"excerpt":{"rendered":"<p>Minner om Blue Mediterraneo Mirto di Panarea fra Acqua Di Parma<\/p>\n","protected":false},"featured_media":7155,"comment_status":"open","ping_status":"closed","template":"","meta":[],"product_brand":[],"product_cat":[1388],"product_tag":[1389],"class_list":{"0":"post-7152","1":"product","2":"type-product","3":"status-publish","4":"has-post-thumbnail","6":"product_cat-acqua-di-parma","7":"product_tag-unisex","9":"first","10":"instock","11":"shipping-taxable","12":"product-type-simple"},"_links":{"self":[{"href":"https:\/\/divainers.com\/no\/wp-json\/wp\/v2\/product\/7152","targetHints":{"allow":["GET"]}}],"collection":[{"href":"https:\/\/divainers.com\/no\/wp-json\/wp\/v2\/product"}],"about":[{"href":"https:\/\/divainers.com\/no\/wp-json\/wp\/v2\/types\/product"}],"replies":[{"embeddable":true,"href":"https:\/\/divainers.com\/no\/wp-json\/wp\/v2\/comments?post=7152"}],"wp:featuredmedia":[{"embeddable":true,"href":"https:\/\/divainers.com\/no\/wp-json\/wp\/v2\/media\/7155"}],"wp:attachment":[{"href":"https:\/\/divainers.com\/no\/wp-json\/wp\/v2\/media?parent=7152"}],"wp:term":[{"taxonomy":"product_brand","embeddable":true,"href":"https:\/\/divainers.com\/no\/wp-json\/wp\/v2\/product_brand?post=7152"},{"taxonomy":"product_cat","embeddable":true,"href":"https:\/\/divainers.com\/no\/wp-json\/wp\/v2\/product_cat?post=7152"},{"taxonomy":"product_tag","embeddable":true,"href":"https:\/\/divainers.com\/no\/wp-json\/wp\/v2\/product_tag?post=7152"}],"curies":[{"name":"wp","href":"https:\/\/api.w.org\/{rel}","templated":true}]}}