{"id":7183,"date":"2025-01-31T08:31:49","date_gmt":"2025-01-31T07:31:49","guid":{"rendered":"https:\/\/divainers.com\/producto\/divain-281\/"},"modified":"2026-04-30T09:43:51","modified_gmt":"2026-04-30T07:43:51","slug":"divain-281","status":"publish","type":"product","link":"https:\/\/divainers.com\/no\/producto\/divain-281\/","title":{"rendered":"divain.281"},"content":{"rendered":"<p>Det er en dyp og sofistikert duft som skiller seg ut med sin intense tilstedev\u00e6relse av oud, en verdifull harpiks kjent for sin varme, jordn\u00e6re og treaktige aroma. Duften \u00e5pner med friske og krydrede noter, supplert av oudens sterke karakter, som flettes sammen med et hint av rose og safranblomst i hjertet. I bunnen finner man noter av l\u00e6r, sedertre og musk, som gir en varm og omsluttende base. Dette er en parfyme som fremkaller luksus, eleganse og eksklusivitet, ideell for spesielle anledninger og for de som s\u00f8ker en distinkt og langvarig duft.<\/p>\n","protected":false},"excerpt":{"rendered":"<p>Minner om Oud fra Acqua di Parma<\/p>\n","protected":false},"featured_media":7185,"comment_status":"open","ping_status":"closed","template":"","meta":[],"product_brand":[],"product_cat":[1388],"product_tag":[1364],"class_list":{"0":"post-7183","1":"product","2":"type-product","3":"status-publish","4":"has-post-thumbnail","6":"product_cat-acqua-di-parma","7":"product_tag-menn","9":"first","10":"instock","11":"shipping-taxable","12":"product-type-simple"},"_links":{"self":[{"href":"https:\/\/divainers.com\/no\/wp-json\/wp\/v2\/product\/7183","targetHints":{"allow":["GET"]}}],"collection":[{"href":"https:\/\/divainers.com\/no\/wp-json\/wp\/v2\/product"}],"about":[{"href":"https:\/\/divainers.com\/no\/wp-json\/wp\/v2\/types\/product"}],"replies":[{"embeddable":true,"href":"https:\/\/divainers.com\/no\/wp-json\/wp\/v2\/comments?post=7183"}],"wp:featuredmedia":[{"embeddable":true,"href":"https:\/\/divainers.com\/no\/wp-json\/wp\/v2\/media\/7185"}],"wp:attachment":[{"href":"https:\/\/divainers.com\/no\/wp-json\/wp\/v2\/media?parent=7183"}],"wp:term":[{"taxonomy":"product_brand","embeddable":true,"href":"https:\/\/divainers.com\/no\/wp-json\/wp\/v2\/product_brand?post=7183"},{"taxonomy":"product_cat","embeddable":true,"href":"https:\/\/divainers.com\/no\/wp-json\/wp\/v2\/product_cat?post=7183"},{"taxonomy":"product_tag","embeddable":true,"href":"https:\/\/divainers.com\/no\/wp-json\/wp\/v2\/product_tag?post=7183"}],"curies":[{"name":"wp","href":"https:\/\/api.w.org\/{rel}","templated":true}]}}