{"id":7339,"date":"2025-01-31T08:31:50","date_gmt":"2025-01-31T07:31:50","guid":{"rendered":"https:\/\/divainers.com\/producto\/divain-086\/"},"modified":"2026-04-30T09:44:44","modified_gmt":"2026-04-30T07:44:44","slug":"divain-086","status":"publish","type":"product","link":"https:\/\/divainers.com\/no\/producto\/divain-086\/","title":{"rendered":"divain.086"},"content":{"rendered":"<p>En delikat og tidl\u00f8s duft som fanger friskheten og den naturlige elegansen til roser p\u00e5 sitt beste. Den lysende \u00e5pningen med sitrus og gr\u00f8nne blader gir en forfriskende og lett f\u00f8lelse. I hjertet omslutter bulgarsk rose og liljekonvall duften med ren og sofistikert femininitet. I bunnen skaper musk og sandeltre en myk og omsluttende duft, perfekt for den romantiske, rolige kvinnen med en naturlig sjarm som setter spor.<\/p>\n","protected":false},"excerpt":{"rendered":"<p>Ligner p\u00e5 Agua fresca de rosas de Adolfo Dominguez<\/p>\n","protected":false},"featured_media":7342,"comment_status":"open","ping_status":"closed","template":"","meta":[],"product_brand":[],"product_cat":[1443],"product_tag":[1444],"class_list":{"0":"post-7339","1":"product","2":"type-product","3":"status-publish","4":"has-post-thumbnail","6":"product_cat-adolfo-dominguez","7":"product_tag-kvinner","9":"first","10":"instock","11":"shipping-taxable","12":"product-type-simple"},"_links":{"self":[{"href":"https:\/\/divainers.com\/no\/wp-json\/wp\/v2\/product\/7339","targetHints":{"allow":["GET"]}}],"collection":[{"href":"https:\/\/divainers.com\/no\/wp-json\/wp\/v2\/product"}],"about":[{"href":"https:\/\/divainers.com\/no\/wp-json\/wp\/v2\/types\/product"}],"replies":[{"embeddable":true,"href":"https:\/\/divainers.com\/no\/wp-json\/wp\/v2\/comments?post=7339"}],"wp:featuredmedia":[{"embeddable":true,"href":"https:\/\/divainers.com\/no\/wp-json\/wp\/v2\/media\/7342"}],"wp:attachment":[{"href":"https:\/\/divainers.com\/no\/wp-json\/wp\/v2\/media?parent=7339"}],"wp:term":[{"taxonomy":"product_brand","embeddable":true,"href":"https:\/\/divainers.com\/no\/wp-json\/wp\/v2\/product_brand?post=7339"},{"taxonomy":"product_cat","embeddable":true,"href":"https:\/\/divainers.com\/no\/wp-json\/wp\/v2\/product_cat?post=7339"},{"taxonomy":"product_tag","embeddable":true,"href":"https:\/\/divainers.com\/no\/wp-json\/wp\/v2\/product_tag?post=7339"}],"curies":[{"name":"wp","href":"https:\/\/api.w.org\/{rel}","templated":true}]}}