{"id":7357,"date":"2025-01-31T08:31:50","date_gmt":"2025-01-31T07:31:50","guid":{"rendered":"https:\/\/divainers.com\/producto\/divain-049\/"},"modified":"2026-04-30T09:44:51","modified_gmt":"2026-04-30T07:44:51","slug":"divain-049","status":"publish","type":"product","link":"https:\/\/divainers.com\/no\/producto\/divain-049\/","title":{"rendered":"divain.049"},"content":{"rendered":"<p>En frisk og naturlig duft som fremkaller naturens ro og balanse. Den livlige \u00e5pningen med sitrus og gr\u00f8nne noter gir en lett og oppkvikkende f\u00f8lelse, mens et aromatisk hjerte av bambus og myke krydder tilf\u00f8rer et eksotisk og sofistikert preg. I bunnen skaper sedertre, rav og musk en varm og omsluttende duft, perfekt for mannen som s\u00f8ker friskhet, eleganse og harmoni i hverdagen.<\/p>\n","protected":false},"excerpt":{"rendered":"<p>Ligner p\u00e5 Bamb\u00fa fra Adolfo Dominguez<\/p>\n","protected":false},"featured_media":7359,"comment_status":"open","ping_status":"closed","template":"","meta":[],"product_brand":[],"product_cat":[1443],"product_tag":[1364],"class_list":{"0":"post-7357","1":"product","2":"type-product","3":"status-publish","4":"has-post-thumbnail","6":"product_cat-adolfo-dominguez","7":"product_tag-menn","9":"first","10":"instock","11":"shipping-taxable","12":"product-type-simple"},"_links":{"self":[{"href":"https:\/\/divainers.com\/no\/wp-json\/wp\/v2\/product\/7357","targetHints":{"allow":["GET"]}}],"collection":[{"href":"https:\/\/divainers.com\/no\/wp-json\/wp\/v2\/product"}],"about":[{"href":"https:\/\/divainers.com\/no\/wp-json\/wp\/v2\/types\/product"}],"replies":[{"embeddable":true,"href":"https:\/\/divainers.com\/no\/wp-json\/wp\/v2\/comments?post=7357"}],"wp:featuredmedia":[{"embeddable":true,"href":"https:\/\/divainers.com\/no\/wp-json\/wp\/v2\/media\/7359"}],"wp:attachment":[{"href":"https:\/\/divainers.com\/no\/wp-json\/wp\/v2\/media?parent=7357"}],"wp:term":[{"taxonomy":"product_brand","embeddable":true,"href":"https:\/\/divainers.com\/no\/wp-json\/wp\/v2\/product_brand?post=7357"},{"taxonomy":"product_cat","embeddable":true,"href":"https:\/\/divainers.com\/no\/wp-json\/wp\/v2\/product_cat?post=7357"},{"taxonomy":"product_tag","embeddable":true,"href":"https:\/\/divainers.com\/no\/wp-json\/wp\/v2\/product_tag?post=7357"}],"curies":[{"name":"wp","href":"https:\/\/api.w.org\/{rel}","templated":true}]}}