{"id":737,"date":"2025-01-31T08:32:39","date_gmt":"2025-01-31T07:32:39","guid":{"rendered":"https:\/\/divainers.com\/producto\/divain-044\/"},"modified":"2026-04-30T15:52:51","modified_gmt":"2026-04-30T13:52:51","slug":"divain-044","status":"publish","type":"product","link":"https:\/\/divainers.com\/no\/producto\/divain-044\/","title":{"rendered":"divain.044"},"content":{"rendered":"<p>Odva\u017ean i zavodljiv miris koji igra s intenzivnim i magnetskim kontrastima. Njegov vibrantni po\u010detak s listom smokve donosi svje\u017einu zelene i blago slatke note, dok srce od kakaa i pa\u010dulija stvara tamnu i ovisni\u010dku kombinaciju s zemljanim i senzualnim prizvukom. U bazi, drvene note i cedar poja\u010davaju njegov mu\u017eevan i obavijaju\u0107i karakter, ostavljaju\u0107i hrabar i prepoznatljiv trag. Savr\u0161en za karizmati\u010dnog mu\u0161karca koji tra\u017ei jedinstvenu i osobnu mirisnu notu.<\/p>\n","protected":false},"excerpt":{"rendered":"<p>Podsje\u0107a na Kokorico od Jean Paul Gaultier<\/p>\n","protected":false},"featured_media":15067,"comment_status":"open","ping_status":"closed","template":"","meta":[],"product_brand":[],"product_cat":[1297],"product_tag":[1343],"class_list":{"0":"post-737","1":"product","2":"type-product","3":"status-publish","4":"has-post-thumbnail","6":"product_cat-jean-paul-gaultier","7":"product_tag-hommes","9":"first","10":"instock","11":"shipping-taxable","12":"product-type-simple"},"_links":{"self":[{"href":"https:\/\/divainers.com\/no\/wp-json\/wp\/v2\/product\/737","targetHints":{"allow":["GET"]}}],"collection":[{"href":"https:\/\/divainers.com\/no\/wp-json\/wp\/v2\/product"}],"about":[{"href":"https:\/\/divainers.com\/no\/wp-json\/wp\/v2\/types\/product"}],"replies":[{"embeddable":true,"href":"https:\/\/divainers.com\/no\/wp-json\/wp\/v2\/comments?post=737"}],"wp:featuredmedia":[{"embeddable":true,"href":"https:\/\/divainers.com\/no\/wp-json\/wp\/v2\/media\/15067"}],"wp:attachment":[{"href":"https:\/\/divainers.com\/no\/wp-json\/wp\/v2\/media?parent=737"}],"wp:term":[{"taxonomy":"product_brand","embeddable":true,"href":"https:\/\/divainers.com\/no\/wp-json\/wp\/v2\/product_brand?post=737"},{"taxonomy":"product_cat","embeddable":true,"href":"https:\/\/divainers.com\/no\/wp-json\/wp\/v2\/product_cat?post=737"},{"taxonomy":"product_tag","embeddable":true,"href":"https:\/\/divainers.com\/no\/wp-json\/wp\/v2\/product_tag?post=737"}],"curies":[{"name":"wp","href":"https:\/\/api.w.org\/{rel}","templated":true}]}}