{"id":7377,"date":"2025-01-31T08:31:50","date_gmt":"2025-01-31T07:31:50","guid":{"rendered":"https:\/\/divainers.com\/producto\/divain-031\/"},"modified":"2026-04-30T09:44:56","modified_gmt":"2026-04-30T07:44:56","slug":"divain-031","status":"publish","type":"product","link":"https:\/\/divainers.com\/no\/producto\/divain-031\/","title":{"rendered":"divain.031"},"content":{"rendered":"<p>En naturlig og revitaliserende duft som fremkaller naturens friskhet i sin reneste form. De sitrusaktige toppnotene av bergamot og mandarin kombineres med et aromatisk hjerte av rosmarin, lavendel og koriander, og skaper en ren og energigivende f\u00f8lelse. I bunnen tilf\u00f8rer eikemose, vetiver og sandeltre dybde og eleganse, og etterlater et lett, men sofistikert spor. Perfekt for de som s\u00f8ker en frisk, balansert og tidl\u00f8s duft.<\/p>\n","protected":false},"excerpt":{"rendered":"<p>Minner om Agua Fresca fra Adolfo Dominguez<\/p>\n","protected":false},"featured_media":7380,"comment_status":"open","ping_status":"closed","template":"","meta":[],"product_brand":[],"product_cat":[1443],"product_tag":[1364],"class_list":{"0":"post-7377","1":"product","2":"type-product","3":"status-publish","4":"has-post-thumbnail","6":"product_cat-adolfo-dominguez","7":"product_tag-menn","9":"first","10":"instock","11":"shipping-taxable","12":"product-type-simple"},"_links":{"self":[{"href":"https:\/\/divainers.com\/no\/wp-json\/wp\/v2\/product\/7377","targetHints":{"allow":["GET"]}}],"collection":[{"href":"https:\/\/divainers.com\/no\/wp-json\/wp\/v2\/product"}],"about":[{"href":"https:\/\/divainers.com\/no\/wp-json\/wp\/v2\/types\/product"}],"replies":[{"embeddable":true,"href":"https:\/\/divainers.com\/no\/wp-json\/wp\/v2\/comments?post=7377"}],"wp:featuredmedia":[{"embeddable":true,"href":"https:\/\/divainers.com\/no\/wp-json\/wp\/v2\/media\/7380"}],"wp:attachment":[{"href":"https:\/\/divainers.com\/no\/wp-json\/wp\/v2\/media?parent=7377"}],"wp:term":[{"taxonomy":"product_brand","embeddable":true,"href":"https:\/\/divainers.com\/no\/wp-json\/wp\/v2\/product_brand?post=7377"},{"taxonomy":"product_cat","embeddable":true,"href":"https:\/\/divainers.com\/no\/wp-json\/wp\/v2\/product_cat?post=7377"},{"taxonomy":"product_tag","embeddable":true,"href":"https:\/\/divainers.com\/no\/wp-json\/wp\/v2\/product_tag?post=7377"}],"curies":[{"name":"wp","href":"https:\/\/api.w.org\/{rel}","templated":true}]}}