{"id":7398,"date":"2025-08-01T12:00:08","date_gmt":"2025-08-01T10:00:08","guid":{"rendered":"https:\/\/divainers.com\/producto\/divain-1057\/"},"modified":"2026-03-31T08:41:46","modified_gmt":"2026-03-31T06:41:46","slug":"divain-1057","status":"publish","type":"product","link":"https:\/\/divainers.com\/no\/producto\/divain-1057\/","title":{"rendered":"divain.1057"},"content":{"rendered":"<p>Tenk deg en intens og sofistikert duft som utstr\u00e5ler mystikk og karakter, perfekt for dem som \u00f8nsker \u00e5 sette et dypt og magnetisk preg med hvert steg.<\/p>\n","protected":false},"excerpt":{"rendered":"<p>Remember Onyx fra Al-Jazeera Perfumes<\/p>\n","protected":false},"featured_media":7399,"comment_status":"open","ping_status":"closed","template":"","meta":[],"product_brand":[],"product_cat":[1458],"product_tag":[],"class_list":{"0":"post-7398","1":"product","2":"type-product","3":"status-publish","4":"has-post-thumbnail","6":"product_cat-al-jazeera-parfymer","8":"first","9":"instock","10":"shipping-taxable","11":"product-type-simple"},"_links":{"self":[{"href":"https:\/\/divainers.com\/no\/wp-json\/wp\/v2\/product\/7398","targetHints":{"allow":["GET"]}}],"collection":[{"href":"https:\/\/divainers.com\/no\/wp-json\/wp\/v2\/product"}],"about":[{"href":"https:\/\/divainers.com\/no\/wp-json\/wp\/v2\/types\/product"}],"replies":[{"embeddable":true,"href":"https:\/\/divainers.com\/no\/wp-json\/wp\/v2\/comments?post=7398"}],"wp:featuredmedia":[{"embeddable":true,"href":"https:\/\/divainers.com\/no\/wp-json\/wp\/v2\/media\/7399"}],"wp:attachment":[{"href":"https:\/\/divainers.com\/no\/wp-json\/wp\/v2\/media?parent=7398"}],"wp:term":[{"taxonomy":"product_brand","embeddable":true,"href":"https:\/\/divainers.com\/no\/wp-json\/wp\/v2\/product_brand?post=7398"},{"taxonomy":"product_cat","embeddable":true,"href":"https:\/\/divainers.com\/no\/wp-json\/wp\/v2\/product_cat?post=7398"},{"taxonomy":"product_tag","embeddable":true,"href":"https:\/\/divainers.com\/no\/wp-json\/wp\/v2\/product_tag?post=7398"}],"curies":[{"name":"wp","href":"https:\/\/api.w.org\/{rel}","templated":true}]}}