{"id":743,"date":"2025-01-31T08:32:41","date_gmt":"2025-01-31T07:32:41","guid":{"rendered":"https:\/\/divainers.com\/producto\/divain-357\/"},"modified":"2026-04-30T16:01:34","modified_gmt":"2026-04-30T14:01:34","slug":"divain-357","status":"publish","type":"product","link":"https:\/\/divainers.com\/no\/producto\/divain-357\/","title":{"rendered":"divain.357"},"content":{"rendered":"<p>Futuristi\u010dki i energi\u010dan miris s citrusnim i aromati\u010dnim uvodom koji spaja lavandu s notama limuna i bergamota. Njegovo srce postaje kremasto i blago slatko zahvaljuju\u0107i vaniliji i jabuci, dok drvenasti i za\u010dinski tonovi u bazi donose toplinu i sofisticiranost. Vibrantan i moderan miris, dizajniran da se istakne inovativnim i hrabrim stilom.<\/p>\n","protected":false},"excerpt":{"rendered":"<p>Podsje\u0107a na Scandal od Jean Paul Gaultier<\/p>\n","protected":false},"featured_media":15386,"comment_status":"open","ping_status":"closed","template":"","meta":[],"product_brand":[],"product_cat":[1298],"product_tag":[1345],"class_list":{"0":"post-743","1":"product","2":"type-product","3":"status-publish","4":"has-post-thumbnail","6":"product_cat-jean-paul-gaultier","7":"product_tag-manner","9":"first","10":"instock","11":"shipping-taxable","12":"product-type-simple"},"_links":{"self":[{"href":"https:\/\/divainers.com\/no\/wp-json\/wp\/v2\/product\/743","targetHints":{"allow":["GET"]}}],"collection":[{"href":"https:\/\/divainers.com\/no\/wp-json\/wp\/v2\/product"}],"about":[{"href":"https:\/\/divainers.com\/no\/wp-json\/wp\/v2\/types\/product"}],"replies":[{"embeddable":true,"href":"https:\/\/divainers.com\/no\/wp-json\/wp\/v2\/comments?post=743"}],"wp:featuredmedia":[{"embeddable":true,"href":"https:\/\/divainers.com\/no\/wp-json\/wp\/v2\/media\/15386"}],"wp:attachment":[{"href":"https:\/\/divainers.com\/no\/wp-json\/wp\/v2\/media?parent=743"}],"wp:term":[{"taxonomy":"product_brand","embeddable":true,"href":"https:\/\/divainers.com\/no\/wp-json\/wp\/v2\/product_brand?post=743"},{"taxonomy":"product_cat","embeddable":true,"href":"https:\/\/divainers.com\/no\/wp-json\/wp\/v2\/product_cat?post=743"},{"taxonomy":"product_tag","embeddable":true,"href":"https:\/\/divainers.com\/no\/wp-json\/wp\/v2\/product_tag?post=743"}],"curies":[{"name":"wp","href":"https:\/\/api.w.org\/{rel}","templated":true}]}}