{"id":744,"date":"2025-01-31T08:32:41","date_gmt":"2025-01-31T07:32:41","guid":{"rendered":"https:\/\/divainers.com\/producto\/divain-434\/"},"modified":"2026-04-30T16:04:13","modified_gmt":"2026-04-30T14:04:13","slug":"divain-434","status":"publish","type":"product","link":"https:\/\/divainers.com\/no\/producto\/divain-434\/","title":{"rendered":"divain.434"},"content":{"rendered":"<p>Senzualan i egzoti\u010dan miris koji vas vodi u mirisni raj gdje se svje\u017eina i toplina savr\u0161eno isprepli\u0107u. Od prvog dojma, bergamot i \u0111umbir bude osjetila s vibrantnom i za\u010dinskom svje\u017einom. U srcu, kremasti kokos i tonka grah dodaju zavodljiv i obavijaju\u0107i ton, prizivaju\u0107i povjetarac tropskog vrta. Na kraju, baza od senzualnog drva i jantara ostavlja topao, zavodljiv i dugotrajan trag. Magneti\u010dan i sofisticiran parfem, idealan za one koji tra\u017ee prepoznatljiv, intenzivan miris s neodoljivim zrakom bijega.<\/p>\n","protected":false},"excerpt":{"rendered":"<p>Podsje\u0107a na Le Beau Paradise Garden od Jean Paul Gaultier<\/p>\n","protected":false},"featured_media":15449,"comment_status":"open","ping_status":"closed","template":"","meta":[],"product_brand":[],"product_cat":[1302],"product_tag":[1360],"class_list":{"0":"post-744","1":"product","2":"type-product","3":"status-publish","4":"has-post-thumbnail","6":"product_cat-jean-paul-gaultier","7":"product_tag-muskarci","9":"first","10":"instock","11":"shipping-taxable","12":"product-type-simple"},"_links":{"self":[{"href":"https:\/\/divainers.com\/no\/wp-json\/wp\/v2\/product\/744","targetHints":{"allow":["GET"]}}],"collection":[{"href":"https:\/\/divainers.com\/no\/wp-json\/wp\/v2\/product"}],"about":[{"href":"https:\/\/divainers.com\/no\/wp-json\/wp\/v2\/types\/product"}],"replies":[{"embeddable":true,"href":"https:\/\/divainers.com\/no\/wp-json\/wp\/v2\/comments?post=744"}],"wp:featuredmedia":[{"embeddable":true,"href":"https:\/\/divainers.com\/no\/wp-json\/wp\/v2\/media\/15449"}],"wp:attachment":[{"href":"https:\/\/divainers.com\/no\/wp-json\/wp\/v2\/media?parent=744"}],"wp:term":[{"taxonomy":"product_brand","embeddable":true,"href":"https:\/\/divainers.com\/no\/wp-json\/wp\/v2\/product_brand?post=744"},{"taxonomy":"product_cat","embeddable":true,"href":"https:\/\/divainers.com\/no\/wp-json\/wp\/v2\/product_cat?post=744"},{"taxonomy":"product_tag","embeddable":true,"href":"https:\/\/divainers.com\/no\/wp-json\/wp\/v2\/product_tag?post=744"}],"curies":[{"name":"wp","href":"https:\/\/api.w.org\/{rel}","templated":true}]}}