{"id":745,"date":"2025-01-31T08:32:41","date_gmt":"2025-01-31T07:32:41","guid":{"rendered":"https:\/\/divainers.com\/producto\/divain-437\/"},"modified":"2026-04-30T16:04:23","modified_gmt":"2026-04-30T14:04:23","slug":"divain-437","status":"publish","type":"product","link":"https:\/\/divainers.com\/no\/producto\/divain-437\/","title":{"rendered":"divain.437"},"content":{"rendered":"<p>Intenzivan i zavodljiv miris koji reinventira ikoni\u010dnu esenciju s ovisni\u010dkom dubinom. Od prvog trenutka, karakteristi\u010dna lavanda donosi aromati\u010dnu svje\u017einu, poja\u010danu za\u010dinskim i \u017eivahnim dodirom. U srcu, kremasta vanilija i benzoe obavijaju miris neodoljivom toplinom, stvaraju\u0107i savr\u0161en kontrast izme\u0111u slatko\u0107e i sofisticiranosti. Na kraju, baza od jantarnih drvenih nota i tonka graha ostavlja zavodljiv, senzualan i dugotrajan trag. Magneti\u010dan i sna\u017ean parfem, idealan za one koji tra\u017ee hrabar, elegantan miris s prepoznatljivim dodirom zavodljivosti.<\/p>\n","protected":false},"excerpt":{"rendered":"<p>Podsje\u0107a na Le Male Elixir od Jean Paul Gaultier<\/p>\n","protected":false},"featured_media":15452,"comment_status":"open","ping_status":"closed","template":"","meta":[],"product_brand":[],"product_cat":[1299],"product_tag":[1373],"class_list":{"0":"post-745","1":"product","2":"type-product","3":"status-publish","4":"has-post-thumbnail","6":"product_cat-jean-paul-gaultier","7":"product_tag-1373","9":"first","10":"instock","11":"shipping-taxable","12":"product-type-simple"},"_links":{"self":[{"href":"https:\/\/divainers.com\/no\/wp-json\/wp\/v2\/product\/745","targetHints":{"allow":["GET"]}}],"collection":[{"href":"https:\/\/divainers.com\/no\/wp-json\/wp\/v2\/product"}],"about":[{"href":"https:\/\/divainers.com\/no\/wp-json\/wp\/v2\/types\/product"}],"replies":[{"embeddable":true,"href":"https:\/\/divainers.com\/no\/wp-json\/wp\/v2\/comments?post=745"}],"wp:featuredmedia":[{"embeddable":true,"href":"https:\/\/divainers.com\/no\/wp-json\/wp\/v2\/media\/15452"}],"wp:attachment":[{"href":"https:\/\/divainers.com\/no\/wp-json\/wp\/v2\/media?parent=745"}],"wp:term":[{"taxonomy":"product_brand","embeddable":true,"href":"https:\/\/divainers.com\/no\/wp-json\/wp\/v2\/product_brand?post=745"},{"taxonomy":"product_cat","embeddable":true,"href":"https:\/\/divainers.com\/no\/wp-json\/wp\/v2\/product_cat?post=745"},{"taxonomy":"product_tag","embeddable":true,"href":"https:\/\/divainers.com\/no\/wp-json\/wp\/v2\/product_tag?post=745"}],"curies":[{"name":"wp","href":"https:\/\/api.w.org\/{rel}","templated":true}]}}