{"id":7647,"date":"2025-01-31T08:32:01","date_gmt":"2025-01-31T07:32:01","guid":{"rendered":"https:\/\/divainers.com\/producto\/divain-003\/"},"modified":"2026-04-30T09:47:10","modified_gmt":"2026-04-30T07:47:10","slug":"divain-003","status":"publish","type":"product","link":"https:\/\/divainers.com\/no\/producto\/divain-003\/","title":{"rendered":"divain.003"},"content":{"rendered":"<p>Forestill deg en sanselig reise hvor tidl\u00f8s eleganse m\u00f8ter eventyr. Denne duften kombinerer varmen fra l\u00e6r og vanilje med den krydrede magnetismen til safran og muskat. Et hint av frisk sitrus flettes sammen med et hjerte av edle treslag og en omsluttende base av rav og vetiver, og skaper en sofistikert, maskulin og forf\u00f8rende aroma. Perfekt for dem som s\u00f8ker s\u00e6rpreg og karakter i hver essens.<\/p>\n","protected":false},"excerpt":{"rendered":"<p>Ligner p\u00e5 CH Men fra Carolina Herrera<\/p>\n","protected":false},"featured_media":7646,"comment_status":"open","ping_status":"closed","template":"","meta":[],"product_brand":[],"product_cat":[1539],"product_tag":[1364],"class_list":{"0":"post-7647","1":"product","2":"type-product","3":"status-publish","4":"has-post-thumbnail","6":"product_cat-carolina-herrera","7":"product_tag-menn","9":"first","10":"instock","11":"shipping-taxable","12":"product-type-simple"},"_links":{"self":[{"href":"https:\/\/divainers.com\/no\/wp-json\/wp\/v2\/product\/7647","targetHints":{"allow":["GET"]}}],"collection":[{"href":"https:\/\/divainers.com\/no\/wp-json\/wp\/v2\/product"}],"about":[{"href":"https:\/\/divainers.com\/no\/wp-json\/wp\/v2\/types\/product"}],"replies":[{"embeddable":true,"href":"https:\/\/divainers.com\/no\/wp-json\/wp\/v2\/comments?post=7647"}],"wp:featuredmedia":[{"embeddable":true,"href":"https:\/\/divainers.com\/no\/wp-json\/wp\/v2\/media\/7646"}],"wp:attachment":[{"href":"https:\/\/divainers.com\/no\/wp-json\/wp\/v2\/media?parent=7647"}],"wp:term":[{"taxonomy":"product_brand","embeddable":true,"href":"https:\/\/divainers.com\/no\/wp-json\/wp\/v2\/product_brand?post=7647"},{"taxonomy":"product_cat","embeddable":true,"href":"https:\/\/divainers.com\/no\/wp-json\/wp\/v2\/product_cat?post=7647"},{"taxonomy":"product_tag","embeddable":true,"href":"https:\/\/divainers.com\/no\/wp-json\/wp\/v2\/product_tag?post=7647"}],"curies":[{"name":"wp","href":"https:\/\/api.w.org\/{rel}","templated":true}]}}