{"id":7818,"date":"2025-01-31T08:31:51","date_gmt":"2025-01-31T07:31:51","guid":{"rendered":"https:\/\/divainers.com\/producto\/divain-411\/"},"modified":"2026-04-30T09:48:01","modified_gmt":"2026-04-30T07:48:01","slug":"divain-411","status":"publish","type":"product","link":"https:\/\/divainers.com\/no\/producto\/divain-411\/","title":{"rendered":"divain.411"},"content":{"rendered":"<p>En duft som balanserer friskhet og dybde med en fengslende kombinasjon av aromatiske og harpiksaktige noter. \u00c5pningen er livlig og krydret, med et mentolaktig preg som gir en forfriskende og energigivende f\u00f8lelse. Etter hvert som den utvikler seg, \u00e5penbares et varmt og jordn\u00e6rt hjerte, hvor tre- og harpiksnoter flettes sammen med balsamiske og r\u00f8kete akkorder. Basen er rik og langvarig, med rav- og skinnnoter som tilf\u00f8rer varig eleganse. Ideell for de som s\u00f8ker en sofistikert og omsluttende duft med en spennende kontrast mellom friskhet og varme.<\/p>\n","protected":false},"excerpt":{"rendered":"<p>Minner om Enclave fra Amouage<\/p>\n","protected":false},"featured_media":7813,"comment_status":"open","ping_status":"closed","template":"","meta":[],"product_brand":[],"product_cat":[1566],"product_tag":[1389],"class_list":{"0":"post-7818","1":"product","2":"type-product","3":"status-publish","4":"has-post-thumbnail","6":"product_cat-amouage","7":"product_tag-unisex","9":"first","10":"instock","11":"shipping-taxable","12":"product-type-simple"},"_links":{"self":[{"href":"https:\/\/divainers.com\/no\/wp-json\/wp\/v2\/product\/7818","targetHints":{"allow":["GET"]}}],"collection":[{"href":"https:\/\/divainers.com\/no\/wp-json\/wp\/v2\/product"}],"about":[{"href":"https:\/\/divainers.com\/no\/wp-json\/wp\/v2\/types\/product"}],"replies":[{"embeddable":true,"href":"https:\/\/divainers.com\/no\/wp-json\/wp\/v2\/comments?post=7818"}],"wp:featuredmedia":[{"embeddable":true,"href":"https:\/\/divainers.com\/no\/wp-json\/wp\/v2\/media\/7813"}],"wp:attachment":[{"href":"https:\/\/divainers.com\/no\/wp-json\/wp\/v2\/media?parent=7818"}],"wp:term":[{"taxonomy":"product_brand","embeddable":true,"href":"https:\/\/divainers.com\/no\/wp-json\/wp\/v2\/product_brand?post=7818"},{"taxonomy":"product_cat","embeddable":true,"href":"https:\/\/divainers.com\/no\/wp-json\/wp\/v2\/product_cat?post=7818"},{"taxonomy":"product_tag","embeddable":true,"href":"https:\/\/divainers.com\/no\/wp-json\/wp\/v2\/product_tag?post=7818"}],"curies":[{"name":"wp","href":"https:\/\/api.w.org\/{rel}","templated":true}]}}