{"id":7857,"date":"2025-01-31T08:31:51","date_gmt":"2025-01-31T07:31:51","guid":{"rendered":"https:\/\/divainers.com\/producto\/divain-153\/"},"modified":"2026-04-30T09:48:12","modified_gmt":"2026-04-30T07:48:12","slug":"divain-153","status":"publish","type":"product","link":"https:\/\/divainers.com\/no\/producto\/divain-153\/","title":{"rendered":"divain.153"},"content":{"rendered":"<p>En elegant og tidl\u00f8s duft som omslutter sansene med sin sofistikerte friskhet og delikate femininitet. Den sitrusaktige \u00e5pningen med bergamot og mandarin gir en lys og livlig f\u00f8lelse. I hjertet folder en raffinert bukett av fresia, liljekonvall og jasmin seg ut med en ren og subtilt forf\u00f8rende blomsteressens. I bunnen skaper hvit musk, rav og sandeltre en myk, varm og omsluttende duft, perfekt for den sofistikerte, naturlige kvinnen med en diskret, men uforglemmelig sjarm.<\/p>\n","protected":false},"excerpt":{"rendered":"<p>Ligner p\u00e5 Angel Schlesser Femme av Angel Schlesser<\/p>\n","protected":false},"featured_media":7853,"comment_status":"open","ping_status":"closed","template":"","meta":[],"product_brand":[],"product_cat":[1586],"product_tag":[1444],"class_list":{"0":"post-7857","1":"product","2":"type-product","3":"status-publish","4":"has-post-thumbnail","6":"product_cat-angel-schlesser","7":"product_tag-kvinner","9":"first","10":"instock","11":"shipping-taxable","12":"product-type-simple"},"_links":{"self":[{"href":"https:\/\/divainers.com\/no\/wp-json\/wp\/v2\/product\/7857","targetHints":{"allow":["GET"]}}],"collection":[{"href":"https:\/\/divainers.com\/no\/wp-json\/wp\/v2\/product"}],"about":[{"href":"https:\/\/divainers.com\/no\/wp-json\/wp\/v2\/types\/product"}],"replies":[{"embeddable":true,"href":"https:\/\/divainers.com\/no\/wp-json\/wp\/v2\/comments?post=7857"}],"wp:featuredmedia":[{"embeddable":true,"href":"https:\/\/divainers.com\/no\/wp-json\/wp\/v2\/media\/7853"}],"wp:attachment":[{"href":"https:\/\/divainers.com\/no\/wp-json\/wp\/v2\/media?parent=7857"}],"wp:term":[{"taxonomy":"product_brand","embeddable":true,"href":"https:\/\/divainers.com\/no\/wp-json\/wp\/v2\/product_brand?post=7857"},{"taxonomy":"product_cat","embeddable":true,"href":"https:\/\/divainers.com\/no\/wp-json\/wp\/v2\/product_cat?post=7857"},{"taxonomy":"product_tag","embeddable":true,"href":"https:\/\/divainers.com\/no\/wp-json\/wp\/v2\/product_tag?post=7857"}],"curies":[{"name":"wp","href":"https:\/\/api.w.org\/{rel}","templated":true}]}}