{"id":7900,"date":"2025-01-31T08:31:51","date_gmt":"2025-01-31T07:31:51","guid":{"rendered":"https:\/\/divainers.com\/producto\/divain-948\/"},"modified":"2026-04-30T09:48:30","modified_gmt":"2026-04-30T07:48:30","slug":"divain-948","status":"publish","type":"product","link":"https:\/\/divainers.com\/no\/producto\/divain-948\/","title":{"rendered":"divain.948"},"content":{"rendered":"<p>En myk og omsluttende duft som vekker en f\u00f8lelse av letthet og ro, som \u00e5 sveve blant skyene p\u00e5 en varm dag. Fra starten gir de fruktige tonene av lavendel og p\u00e6re en friskhet, myknet av et kremet preg av kokos, som tilf\u00f8rer en lett og avslappende s\u00f8dme. Etter hvert som duften utvikler seg, tilf\u00f8rer de blomstrete tonene av jasmin og liljekonvall en delikat og feminin eleganse, som skaper en eterisk mykhet som omslutter huden. Basen, preget av musk og karamell, gir en varm og tr\u00f8stende grunn som smelter sammen med de lettere tonene, og etterlater et spor som b\u00e5de er omsluttende og avslappende. Denne duften er perfekt for de som s\u00f8ker en myk, s\u00f8t og rolig duftopplevelse, ideell for daglig bruk, og formidler en f\u00f8lelse av ro og friskhet.<\/p>\n","protected":false},"excerpt":{"rendered":"<p>Ligner Cloud av Ariana Grande<\/p>\n","protected":false},"featured_media":7897,"comment_status":"open","ping_status":"closed","template":"","meta":[],"product_brand":[],"product_cat":[1606],"product_tag":[1444],"class_list":{"0":"post-7900","1":"product","2":"type-product","3":"status-publish","4":"has-post-thumbnail","6":"product_cat-ariana-grande","7":"product_tag-kvinner","9":"first","10":"instock","11":"shipping-taxable","12":"product-type-simple"},"_links":{"self":[{"href":"https:\/\/divainers.com\/no\/wp-json\/wp\/v2\/product\/7900","targetHints":{"allow":["GET"]}}],"collection":[{"href":"https:\/\/divainers.com\/no\/wp-json\/wp\/v2\/product"}],"about":[{"href":"https:\/\/divainers.com\/no\/wp-json\/wp\/v2\/types\/product"}],"replies":[{"embeddable":true,"href":"https:\/\/divainers.com\/no\/wp-json\/wp\/v2\/comments?post=7900"}],"wp:featuredmedia":[{"embeddable":true,"href":"https:\/\/divainers.com\/no\/wp-json\/wp\/v2\/media\/7897"}],"wp:attachment":[{"href":"https:\/\/divainers.com\/no\/wp-json\/wp\/v2\/media?parent=7900"}],"wp:term":[{"taxonomy":"product_brand","embeddable":true,"href":"https:\/\/divainers.com\/no\/wp-json\/wp\/v2\/product_brand?post=7900"},{"taxonomy":"product_cat","embeddable":true,"href":"https:\/\/divainers.com\/no\/wp-json\/wp\/v2\/product_cat?post=7900"},{"taxonomy":"product_tag","embeddable":true,"href":"https:\/\/divainers.com\/no\/wp-json\/wp\/v2\/product_tag?post=7900"}],"curies":[{"name":"wp","href":"https:\/\/api.w.org\/{rel}","templated":true}]}}