{"id":7942,"date":"2025-01-31T08:31:51","date_gmt":"2025-01-31T07:31:51","guid":{"rendered":"https:\/\/divainers.com\/producto\/divain-457\/"},"modified":"2026-04-30T09:48:47","modified_gmt":"2026-04-30T07:48:47","slug":"divain-457","status":"publish","type":"product","link":"https:\/\/divainers.com\/no\/producto\/divain-457\/","title":{"rendered":"divain.457"},"content":{"rendered":"<p>En dristig og magnetisk duft som utstr\u00e5ler eleganse og karakter i hver eneste note. \u00c5pningen er livlig og sitrusaktig, med en eksplosjon av sitron, ananas og bergamot som vekker sansene med intens friskhet. I hjertet tilf\u00f8rer bj\u00f8rk og jasmin dybde og et sofistikert r\u00f8ykaktig preg, som fremkaller en raffinert og selvsikker maskulinitet. Til slutt legger en omsluttende base av gr\u00e5 amber, musk og patchouli igjen et varig, forf\u00f8rende og kraftfullt spor. En imponerende og sofistikert parfyme, ideell for dem som s\u00f8ker en intens, allsidig duft med en umiskjennelig tilstedev\u00e6relse.<\/p>\n","protected":false},"excerpt":{"rendered":"<p>Ligner p\u00e5 Club de Nuit Intense Man de Armaf<\/p>\n","protected":false},"featured_media":7939,"comment_status":"open","ping_status":"closed","template":"","meta":[],"product_brand":[],"product_cat":[1628],"product_tag":[1364],"class_list":{"0":"post-7942","1":"product","2":"type-product","3":"status-publish","4":"has-post-thumbnail","6":"product_cat-armaf","7":"product_tag-menn","9":"first","10":"instock","11":"shipping-taxable","12":"product-type-simple"},"_links":{"self":[{"href":"https:\/\/divainers.com\/no\/wp-json\/wp\/v2\/product\/7942","targetHints":{"allow":["GET"]}}],"collection":[{"href":"https:\/\/divainers.com\/no\/wp-json\/wp\/v2\/product"}],"about":[{"href":"https:\/\/divainers.com\/no\/wp-json\/wp\/v2\/types\/product"}],"replies":[{"embeddable":true,"href":"https:\/\/divainers.com\/no\/wp-json\/wp\/v2\/comments?post=7942"}],"wp:featuredmedia":[{"embeddable":true,"href":"https:\/\/divainers.com\/no\/wp-json\/wp\/v2\/media\/7939"}],"wp:attachment":[{"href":"https:\/\/divainers.com\/no\/wp-json\/wp\/v2\/media?parent=7942"}],"wp:term":[{"taxonomy":"product_brand","embeddable":true,"href":"https:\/\/divainers.com\/no\/wp-json\/wp\/v2\/product_brand?post=7942"},{"taxonomy":"product_cat","embeddable":true,"href":"https:\/\/divainers.com\/no\/wp-json\/wp\/v2\/product_cat?post=7942"},{"taxonomy":"product_tag","embeddable":true,"href":"https:\/\/divainers.com\/no\/wp-json\/wp\/v2\/product_tag?post=7942"}],"curies":[{"name":"wp","href":"https:\/\/api.w.org\/{rel}","templated":true}]}}