{"id":8069,"date":"2025-01-31T08:31:52","date_gmt":"2025-01-31T07:31:52","guid":{"rendered":"https:\/\/divainers.com\/producto\/divain-240\/"},"modified":"2026-04-30T09:49:27","modified_gmt":"2026-04-30T07:49:27","slug":"divain-240","status":"publish","type":"product","link":"https:\/\/divainers.com\/no\/producto\/divain-240\/","title":{"rendered":"divain.240"},"content":{"rendered":"<p>En livlig og dristig duft, designet for den utadvendte og energiske mannen. I \u00e5pningen en eksplosjon av friskhet og krydder med noter av sitron, ingef\u00e6r og mynte som vekker sansene og tilf\u00f8rer dynamikk. Duftens hjerte fylles med en varm og aromatisk tone takket v\u00e6re lavendel, kombinert med kanel og kardemomme, som skaper en balanse mellom mykhet og intensitet. I bunnen omslutter tre- og balsamiske toner av tonkab\u00f8nne, sandeltre og l\u00e6r huden med et spor av sofistikasjon og sensualitet. Ideell for spesielle anledninger, denne duften er et uttrykk for mot og selvtillit, perfekt for de som \u00f8nsker \u00e5 skille seg ut med en uforglemmelig tilstedev\u00e6relse.<\/p>\n","protected":false},"excerpt":{"rendered":"<p>Ligner p\u00e5 Azzaro Wanted fra Azzaro<\/p>\n","protected":false},"featured_media":8065,"comment_status":"open","ping_status":"closed","template":"","meta":[],"product_brand":[],"product_cat":[1691],"product_tag":[1364],"class_list":{"0":"post-8069","1":"product","2":"type-product","3":"status-publish","4":"has-post-thumbnail","6":"product_cat-azzaro","7":"product_tag-menn","9":"first","10":"instock","11":"shipping-taxable","12":"product-type-simple"},"_links":{"self":[{"href":"https:\/\/divainers.com\/no\/wp-json\/wp\/v2\/product\/8069","targetHints":{"allow":["GET"]}}],"collection":[{"href":"https:\/\/divainers.com\/no\/wp-json\/wp\/v2\/product"}],"about":[{"href":"https:\/\/divainers.com\/no\/wp-json\/wp\/v2\/types\/product"}],"replies":[{"embeddable":true,"href":"https:\/\/divainers.com\/no\/wp-json\/wp\/v2\/comments?post=8069"}],"wp:featuredmedia":[{"embeddable":true,"href":"https:\/\/divainers.com\/no\/wp-json\/wp\/v2\/media\/8065"}],"wp:attachment":[{"href":"https:\/\/divainers.com\/no\/wp-json\/wp\/v2\/media?parent=8069"}],"wp:term":[{"taxonomy":"product_brand","embeddable":true,"href":"https:\/\/divainers.com\/no\/wp-json\/wp\/v2\/product_brand?post=8069"},{"taxonomy":"product_cat","embeddable":true,"href":"https:\/\/divainers.com\/no\/wp-json\/wp\/v2\/product_cat?post=8069"},{"taxonomy":"product_tag","embeddable":true,"href":"https:\/\/divainers.com\/no\/wp-json\/wp\/v2\/product_tag?post=8069"}],"curies":[{"name":"wp","href":"https:\/\/api.w.org\/{rel}","templated":true}]}}