{"id":8114,"date":"2025-01-31T08:31:53","date_gmt":"2025-01-31T07:31:53","guid":{"rendered":"https:\/\/divainers.com\/producto\/divain-715\/"},"modified":"2026-04-30T09:49:36","modified_gmt":"2026-04-30T07:49:36","slug":"divain-715","status":"publish","type":"product","link":"https:\/\/divainers.com\/no\/producto\/divain-715\/","title":{"rendered":"divain.715"},"content":{"rendered":"<p>Det er en frisk og moderne blomsterduft, preget av kontrasten mellom gr\u00f8nne og blomsteraktige noter. \u00c5pningen er frisk og lett med et hint av mynte, som smelter sammen med rose og nellik i hjertet, og skaper en f\u00f8lelse av frisk og omsluttende markblomst. Etter hvert som duften utvikler seg, tilf\u00f8rer base notene av amber og vetiver en jordaktig og sofistikert dybde, som balanserer blomsternes friskhet. Det er en elegant og samtidsduft, ideell for de som s\u00f8ker noe feminint, men med et snev av dristighet og modernitet.<\/p>\n","protected":false},"excerpt":{"rendered":"<p>Ligner Florabotanica fra Balenciaga<\/p>\n","protected":false},"featured_media":8106,"comment_status":"open","ping_status":"closed","template":"","meta":[],"product_brand":[],"product_cat":[1714],"product_tag":[1444],"class_list":{"0":"post-8114","1":"product","2":"type-product","3":"status-publish","4":"has-post-thumbnail","6":"product_cat-balenciaga","7":"product_tag-kvinner","9":"first","10":"instock","11":"shipping-taxable","12":"product-type-simple"},"_links":{"self":[{"href":"https:\/\/divainers.com\/no\/wp-json\/wp\/v2\/product\/8114","targetHints":{"allow":["GET"]}}],"collection":[{"href":"https:\/\/divainers.com\/no\/wp-json\/wp\/v2\/product"}],"about":[{"href":"https:\/\/divainers.com\/no\/wp-json\/wp\/v2\/types\/product"}],"replies":[{"embeddable":true,"href":"https:\/\/divainers.com\/no\/wp-json\/wp\/v2\/comments?post=8114"}],"wp:featuredmedia":[{"embeddable":true,"href":"https:\/\/divainers.com\/no\/wp-json\/wp\/v2\/media\/8106"}],"wp:attachment":[{"href":"https:\/\/divainers.com\/no\/wp-json\/wp\/v2\/media?parent=8114"}],"wp:term":[{"taxonomy":"product_brand","embeddable":true,"href":"https:\/\/divainers.com\/no\/wp-json\/wp\/v2\/product_brand?post=8114"},{"taxonomy":"product_cat","embeddable":true,"href":"https:\/\/divainers.com\/no\/wp-json\/wp\/v2\/product_cat?post=8114"},{"taxonomy":"product_tag","embeddable":true,"href":"https:\/\/divainers.com\/no\/wp-json\/wp\/v2\/product_tag?post=8114"}],"curies":[{"name":"wp","href":"https:\/\/api.w.org\/{rel}","templated":true}]}}