{"id":8154,"date":"2025-01-31T08:31:53","date_gmt":"2025-01-31T07:31:53","guid":{"rendered":"https:\/\/divainers.com\/producto\/divain-412\/"},"modified":"2026-04-30T09:49:45","modified_gmt":"2026-04-30T07:49:45","slug":"divain-412","status":"publish","type":"product","link":"https:\/\/divainers.com\/no\/producto\/divain-412\/","title":{"rendered":"divain.412"},"content":{"rendered":"<p>En overd\u00e5dig og vanedannende duft som kombinerer tobakkens krydrede varme med rosens fl\u00f8yelsmyke sensualitet. Fra starten omslutter krydrede og s\u00f8te noter sansene og skaper en intens og omsluttende opplevelse. I hjertet folder rosen seg ut med en dyp og lett m\u00f8rk karakter, ledsaget av ravaktige og harpiksaktige nyanser som fremhever dens rikdom. Basen er tett og forf\u00f8rende, med akkorder av kakao, musk og kremete tresorter som etterlater et sofistikert og langvarig spor. Ideell for dem som s\u00f8ker en dristig, elegant og karakterfull duft.<\/p>\n","protected":false},"excerpt":{"rendered":"<p>Minner om Tabac Rose fra BDK Parfums<\/p>\n","protected":false},"featured_media":8149,"comment_status":"open","ping_status":"closed","template":"","meta":[],"product_brand":[],"product_cat":[1734],"product_tag":[1408],"class_list":{"0":"post-8154","1":"product","2":"type-product","3":"status-publish","4":"has-post-thumbnail","6":"product_cat-bdk-parfums","7":"product_tag-unisex","9":"first","10":"instock","11":"shipping-taxable","12":"product-type-simple"},"_links":{"self":[{"href":"https:\/\/divainers.com\/no\/wp-json\/wp\/v2\/product\/8154","targetHints":{"allow":["GET"]}}],"collection":[{"href":"https:\/\/divainers.com\/no\/wp-json\/wp\/v2\/product"}],"about":[{"href":"https:\/\/divainers.com\/no\/wp-json\/wp\/v2\/types\/product"}],"replies":[{"embeddable":true,"href":"https:\/\/divainers.com\/no\/wp-json\/wp\/v2\/comments?post=8154"}],"wp:featuredmedia":[{"embeddable":true,"href":"https:\/\/divainers.com\/no\/wp-json\/wp\/v2\/media\/8149"}],"wp:attachment":[{"href":"https:\/\/divainers.com\/no\/wp-json\/wp\/v2\/media?parent=8154"}],"wp:term":[{"taxonomy":"product_brand","embeddable":true,"href":"https:\/\/divainers.com\/no\/wp-json\/wp\/v2\/product_brand?post=8154"},{"taxonomy":"product_cat","embeddable":true,"href":"https:\/\/divainers.com\/no\/wp-json\/wp\/v2\/product_cat?post=8154"},{"taxonomy":"product_tag","embeddable":true,"href":"https:\/\/divainers.com\/no\/wp-json\/wp\/v2\/product_tag?post=8154"}],"curies":[{"name":"wp","href":"https:\/\/api.w.org\/{rel}","templated":true}]}}