{"id":8194,"date":"2025-01-31T08:33:36","date_gmt":"2025-01-31T07:33:36","guid":{"rendered":"https:\/\/divainers.com\/producto\/divain-077\/"},"modified":"2026-04-30T09:49:54","modified_gmt":"2026-04-30T07:49:54","slug":"divain-077","status":"publish","type":"product","link":"https:\/\/divainers.com\/no\/producto\/divain-077\/","title":{"rendered":"divain.077"},"content":{"rendered":"<p>En ungdommelig og livlig duft som fanger glede og spontanitet i hver note. Den sprudlende \u00e5pningen med fersken, aprikos og solb\u00e6r gir en fruktig og lys s\u00f8dme. I hjertet omslutter fresia, fiol og liljekonvall duften med en myk og romantisk femininitet. I bunnen skaper sandeltre, vanilje og musk en varm og innbydende duft, perfekt for den morsomme, frie kvinnen med et energisk sinn.<\/p>\n","protected":false},"excerpt":{"rendered":"<p>Ligner Red Jeans av Versace<\/p>\n","protected":false},"featured_media":8192,"comment_status":"open","ping_status":"closed","template":"","meta":[],"product_brand":[],"product_cat":[1754],"product_tag":[1444],"class_list":{"0":"post-8194","1":"product","2":"type-product","3":"status-publish","4":"has-post-thumbnail","6":"product_cat-versace","7":"product_tag-kvinner","9":"first","10":"instock","11":"shipping-taxable","12":"product-type-simple"},"_links":{"self":[{"href":"https:\/\/divainers.com\/no\/wp-json\/wp\/v2\/product\/8194","targetHints":{"allow":["GET"]}}],"collection":[{"href":"https:\/\/divainers.com\/no\/wp-json\/wp\/v2\/product"}],"about":[{"href":"https:\/\/divainers.com\/no\/wp-json\/wp\/v2\/types\/product"}],"replies":[{"embeddable":true,"href":"https:\/\/divainers.com\/no\/wp-json\/wp\/v2\/comments?post=8194"}],"wp:featuredmedia":[{"embeddable":true,"href":"https:\/\/divainers.com\/no\/wp-json\/wp\/v2\/media\/8192"}],"wp:attachment":[{"href":"https:\/\/divainers.com\/no\/wp-json\/wp\/v2\/media?parent=8194"}],"wp:term":[{"taxonomy":"product_brand","embeddable":true,"href":"https:\/\/divainers.com\/no\/wp-json\/wp\/v2\/product_brand?post=8194"},{"taxonomy":"product_cat","embeddable":true,"href":"https:\/\/divainers.com\/no\/wp-json\/wp\/v2\/product_cat?post=8194"},{"taxonomy":"product_tag","embeddable":true,"href":"https:\/\/divainers.com\/no\/wp-json\/wp\/v2\/product_tag?post=8194"}],"curies":[{"name":"wp","href":"https:\/\/api.w.org\/{rel}","templated":true}]}}