{"id":8234,"date":"2025-01-31T08:31:53","date_gmt":"2025-01-31T07:31:53","guid":{"rendered":"https:\/\/divainers.com\/producto\/divain-447\/"},"modified":"2026-04-30T09:50:04","modified_gmt":"2026-04-30T07:50:04","slug":"divain-447","status":"publish","type":"product","link":"https:\/\/divainers.com\/no\/producto\/divain-447\/","title":{"rendered":"divain.447"},"content":{"rendered":"<p>En majestetisk og kraftfull duft som utstr\u00e5ler selvtillit og sofistikasjon i hver eneste note. \u00c5pningen er livlig og krydret, med et utbrudd av bergamot og pepper som vekker sansene med energi og eleganse. I hjertet smelter amber og lavendel sammen med edle treslag, og tilf\u00f8rer dybde og en distinkt aura. Til slutt etterlater en varm base av vanilje, musk og oud en omsluttende, intens og forf\u00f8rende duft. En dristig og magnetisk parfyme, perfekt for de som s\u00f8ker en duft med karakter, tilstedev\u00e6relse og imponerende eleganse.<\/p>\n","protected":false},"excerpt":{"rendered":"<p>Ligner King fra Bharara<\/p>\n","protected":false},"featured_media":8233,"comment_status":"open","ping_status":"closed","template":"","meta":[],"product_brand":[],"product_cat":[1774],"product_tag":[1364],"class_list":{"0":"post-8234","1":"product","2":"type-product","3":"status-publish","4":"has-post-thumbnail","6":"product_cat-bharara","7":"product_tag-menn","9":"first","10":"instock","11":"shipping-taxable","12":"product-type-simple"},"_links":{"self":[{"href":"https:\/\/divainers.com\/no\/wp-json\/wp\/v2\/product\/8234","targetHints":{"allow":["GET"]}}],"collection":[{"href":"https:\/\/divainers.com\/no\/wp-json\/wp\/v2\/product"}],"about":[{"href":"https:\/\/divainers.com\/no\/wp-json\/wp\/v2\/types\/product"}],"replies":[{"embeddable":true,"href":"https:\/\/divainers.com\/no\/wp-json\/wp\/v2\/comments?post=8234"}],"wp:featuredmedia":[{"embeddable":true,"href":"https:\/\/divainers.com\/no\/wp-json\/wp\/v2\/media\/8233"}],"wp:attachment":[{"href":"https:\/\/divainers.com\/no\/wp-json\/wp\/v2\/media?parent=8234"}],"wp:term":[{"taxonomy":"product_brand","embeddable":true,"href":"https:\/\/divainers.com\/no\/wp-json\/wp\/v2\/product_brand?post=8234"},{"taxonomy":"product_cat","embeddable":true,"href":"https:\/\/divainers.com\/no\/wp-json\/wp\/v2\/product_cat?post=8234"},{"taxonomy":"product_tag","embeddable":true,"href":"https:\/\/divainers.com\/no\/wp-json\/wp\/v2\/product_tag?post=8234"}],"curies":[{"name":"wp","href":"https:\/\/api.w.org\/{rel}","templated":true}]}}