{"id":8324,"date":"2025-01-31T08:31:53","date_gmt":"2025-01-31T07:31:53","guid":{"rendered":"https:\/\/divainers.com\/producto\/divain-668\/"},"modified":"2026-04-30T09:50:39","modified_gmt":"2026-04-30T07:50:39","slug":"divain-668","status":"publish","type":"product","link":"https:\/\/divainers.com\/no\/producto\/divain-668\/","title":{"rendered":"divain.668"},"content":{"rendered":"<p>En uts\u00f8kt og fengslende duft som utstr\u00e5ler eleganse og mystikk. I \u00e5pningen utfolder en frisk og sitrusaktig blanding seg, som smelter sammen med marine noter og minner om den kj\u00f8lige havbrisen. N\u00e5r duften setter seg, avsl\u00f8rer hjertet en floral og fruktig akkord, hvor s\u00f8dmen fra eksotiske frukter flettes sammen med mykheten fra delikate blomster, og skaper en omsluttende og feminin f\u00f8lelse. Basen, dyp og sofistikert, best\u00e5r av edle tresorter og et subtilt hint av musk, som gir en varm og forf\u00f8rende duftsti. Dette er en ideell duft for dem som s\u00f8ker en raffinert og karakterfull parfyme, perfekt for kvinnen som \u00f8nsker \u00e5 utstr\u00e5le luksus, styrke og selvtillit.<\/p>\n","protected":false},"excerpt":{"rendered":"<p>Minner om Blue Sapphire fra Boadicea The Victorious<\/p>\n","protected":false},"featured_media":8317,"comment_status":"open","ping_status":"closed","template":"","meta":[],"product_brand":[],"product_cat":[1819],"product_tag":[1389],"class_list":{"0":"post-8324","1":"product","2":"type-product","3":"status-publish","4":"has-post-thumbnail","6":"product_cat-boadicea-the-victorious","7":"product_tag-unisex","9":"first","10":"instock","11":"shipping-taxable","12":"product-type-simple"},"_links":{"self":[{"href":"https:\/\/divainers.com\/no\/wp-json\/wp\/v2\/product\/8324","targetHints":{"allow":["GET"]}}],"collection":[{"href":"https:\/\/divainers.com\/no\/wp-json\/wp\/v2\/product"}],"about":[{"href":"https:\/\/divainers.com\/no\/wp-json\/wp\/v2\/types\/product"}],"replies":[{"embeddable":true,"href":"https:\/\/divainers.com\/no\/wp-json\/wp\/v2\/comments?post=8324"}],"wp:featuredmedia":[{"embeddable":true,"href":"https:\/\/divainers.com\/no\/wp-json\/wp\/v2\/media\/8317"}],"wp:attachment":[{"href":"https:\/\/divainers.com\/no\/wp-json\/wp\/v2\/media?parent=8324"}],"wp:term":[{"taxonomy":"product_brand","embeddable":true,"href":"https:\/\/divainers.com\/no\/wp-json\/wp\/v2\/product_brand?post=8324"},{"taxonomy":"product_cat","embeddable":true,"href":"https:\/\/divainers.com\/no\/wp-json\/wp\/v2\/product_cat?post=8324"},{"taxonomy":"product_tag","embeddable":true,"href":"https:\/\/divainers.com\/no\/wp-json\/wp\/v2\/product_tag?post=8324"}],"curies":[{"name":"wp","href":"https:\/\/api.w.org\/{rel}","templated":true}]}}