{"id":8363,"date":"2025-01-31T08:31:53","date_gmt":"2025-01-31T07:31:53","guid":{"rendered":"https:\/\/divainers.com\/producto\/divain-452\/"},"modified":"2026-04-30T09:50:50","modified_gmt":"2026-04-30T07:50:50","slug":"divain-452","status":"publish","type":"product","link":"https:\/\/divainers.com\/no\/producto\/divain-452\/","title":{"rendered":"divain.452"},"content":{"rendered":"<p>En livlig og sofistikert duft som fanger byens dynamiske energi med et hint av friskhet og uimotst\u00e5elig varme. \u00c5pningen er lys og saftig, med en eksplosjon av solb\u00e6r og bl\u00e5b\u00e6r, forsterket av en gr\u00f8nn og krydret tone som vekker sansene. I hjertet gir fiol og kanel dybde og en raffinert luft, mens basen av rav, vanilje og edle tresorter omslutter huden med en omfavnende, kremet og forf\u00f8rende duft. En moderne og allsidig parfyme, ideell for de som s\u00f8ker en unik, sofistikert duft med en uforglemmelig tilstedev\u00e6relse.<\/p>\n","protected":false},"excerpt":{"rendered":"<p>Minner om Bleecker Street fra Bond No 9<\/p>\n","protected":false},"featured_media":8358,"comment_status":"open","ping_status":"closed","template":"","meta":[],"product_brand":[],"product_cat":[1834],"product_tag":[1383],"class_list":{"0":"post-8363","1":"product","2":"type-product","3":"status-publish","4":"has-post-thumbnail","6":"product_cat-bond-no-9","7":"product_tag-unisex","9":"first","10":"instock","11":"shipping-taxable","12":"product-type-simple"},"_links":{"self":[{"href":"https:\/\/divainers.com\/no\/wp-json\/wp\/v2\/product\/8363","targetHints":{"allow":["GET"]}}],"collection":[{"href":"https:\/\/divainers.com\/no\/wp-json\/wp\/v2\/product"}],"about":[{"href":"https:\/\/divainers.com\/no\/wp-json\/wp\/v2\/types\/product"}],"replies":[{"embeddable":true,"href":"https:\/\/divainers.com\/no\/wp-json\/wp\/v2\/comments?post=8363"}],"wp:featuredmedia":[{"embeddable":true,"href":"https:\/\/divainers.com\/no\/wp-json\/wp\/v2\/media\/8358"}],"wp:attachment":[{"href":"https:\/\/divainers.com\/no\/wp-json\/wp\/v2\/media?parent=8363"}],"wp:term":[{"taxonomy":"product_brand","embeddable":true,"href":"https:\/\/divainers.com\/no\/wp-json\/wp\/v2\/product_brand?post=8363"},{"taxonomy":"product_cat","embeddable":true,"href":"https:\/\/divainers.com\/no\/wp-json\/wp\/v2\/product_cat?post=8363"},{"taxonomy":"product_tag","embeddable":true,"href":"https:\/\/divainers.com\/no\/wp-json\/wp\/v2\/product_tag?post=8363"}],"curies":[{"name":"wp","href":"https:\/\/api.w.org\/{rel}","templated":true}]}}