{"id":8444,"date":"2025-01-31T08:31:53","date_gmt":"2025-01-31T07:31:53","guid":{"rendered":"https:\/\/divainers.com\/producto\/divain-518\/"},"modified":"2026-04-30T09:51:13","modified_gmt":"2026-04-30T07:51:13","slug":"divain-518","status":"publish","type":"product","link":"https:\/\/divainers.com\/no\/producto\/divain-518\/","title":{"rendered":"divain.518"},"content":{"rendered":"<p>En eksotisk og omsluttende duft som tar deg med p\u00e5 en sanselig reise fylt med varme og sofistikasjon. Fra \u00e5pningen vekker den krydrede s\u00f8dmen av kanel og bergamot sansene med en varm og lys vibrasjon. I hjertet smelter en elegant bukett av jasmin og rose sammen med noter av ylang-ylang, og tilf\u00f8rer en overd\u00e5dig og forf\u00f8rende femininitet. Til slutt etterlater en base av vanilje, benzoe og amber en kremet, omsluttende og dypt sensuell duft. En luksuri\u00f8s og magnetisk parfyme, ideell for dem som s\u00f8ker en orientalsk, varm og sofistikert og uforglemmelig karakter.<\/p>\n","protected":false},"excerpt":{"rendered":"<p>Ligner p\u00e5 Jaipur fra Boucheron<\/p>\n","protected":false},"featured_media":8442,"comment_status":"open","ping_status":"closed","template":"","meta":[],"product_brand":[],"product_cat":[1878],"product_tag":[1444],"class_list":{"0":"post-8444","1":"product","2":"type-product","3":"status-publish","4":"has-post-thumbnail","6":"product_cat-boucheron","7":"product_tag-kvinner","9":"first","10":"instock","11":"shipping-taxable","12":"product-type-simple"},"_links":{"self":[{"href":"https:\/\/divainers.com\/no\/wp-json\/wp\/v2\/product\/8444","targetHints":{"allow":["GET"]}}],"collection":[{"href":"https:\/\/divainers.com\/no\/wp-json\/wp\/v2\/product"}],"about":[{"href":"https:\/\/divainers.com\/no\/wp-json\/wp\/v2\/types\/product"}],"replies":[{"embeddable":true,"href":"https:\/\/divainers.com\/no\/wp-json\/wp\/v2\/comments?post=8444"}],"wp:featuredmedia":[{"embeddable":true,"href":"https:\/\/divainers.com\/no\/wp-json\/wp\/v2\/media\/8442"}],"wp:attachment":[{"href":"https:\/\/divainers.com\/no\/wp-json\/wp\/v2\/media?parent=8444"}],"wp:term":[{"taxonomy":"product_brand","embeddable":true,"href":"https:\/\/divainers.com\/no\/wp-json\/wp\/v2\/product_brand?post=8444"},{"taxonomy":"product_cat","embeddable":true,"href":"https:\/\/divainers.com\/no\/wp-json\/wp\/v2\/product_cat?post=8444"},{"taxonomy":"product_tag","embeddable":true,"href":"https:\/\/divainers.com\/no\/wp-json\/wp\/v2\/product_tag?post=8444"}],"curies":[{"name":"wp","href":"https:\/\/api.w.org\/{rel}","templated":true}]}}