{"id":8488,"date":"2025-01-31T08:31:54","date_gmt":"2025-01-31T07:31:54","guid":{"rendered":"https:\/\/divainers.com\/producto\/divain-060\/"},"modified":"2026-04-30T09:51:24","modified_gmt":"2026-04-30T07:51:24","slug":"divain-060","status":"publish","type":"product","link":"https:\/\/divainers.com\/no\/producto\/divain-060\/","title":{"rendered":"divain.060"},"content":{"rendered":"<p>En s\u00f8t og fortryllende duft som vekker en verden av fantasi og romantikk til live. Den sprudlende \u00e5pningen med kiwi, r\u00f8d litchi og kvede gir et fruktig og saftig preg. I hjertet skaper jasmin og hvit sjokolade en vanedannende og forf\u00f8rende kombinasjon. I bunnen omslutter vanilje, musk og kremete tresorter duften med et varmt og omfavnende spor. Perfekt for den dr\u00f8mmende, lekne kvinnen med en magisk og uimotst\u00e5elig \u00e5nd.<\/p>\n","protected":false},"excerpt":{"rendered":"<p>Ligner Fantasy av Britney Spears<\/p>\n","protected":false},"featured_media":8484,"comment_status":"open","ping_status":"closed","template":"","meta":[],"product_brand":[],"product_cat":[1900],"product_tag":[1444],"class_list":{"0":"post-8488","1":"product","2":"type-product","3":"status-publish","4":"has-post-thumbnail","6":"product_cat-britney-spears","7":"product_tag-kvinner","9":"first","10":"instock","11":"shipping-taxable","12":"product-type-simple"},"_links":{"self":[{"href":"https:\/\/divainers.com\/no\/wp-json\/wp\/v2\/product\/8488","targetHints":{"allow":["GET"]}}],"collection":[{"href":"https:\/\/divainers.com\/no\/wp-json\/wp\/v2\/product"}],"about":[{"href":"https:\/\/divainers.com\/no\/wp-json\/wp\/v2\/types\/product"}],"replies":[{"embeddable":true,"href":"https:\/\/divainers.com\/no\/wp-json\/wp\/v2\/comments?post=8488"}],"wp:featuredmedia":[{"embeddable":true,"href":"https:\/\/divainers.com\/no\/wp-json\/wp\/v2\/media\/8484"}],"wp:attachment":[{"href":"https:\/\/divainers.com\/no\/wp-json\/wp\/v2\/media?parent=8488"}],"wp:term":[{"taxonomy":"product_brand","embeddable":true,"href":"https:\/\/divainers.com\/no\/wp-json\/wp\/v2\/product_brand?post=8488"},{"taxonomy":"product_cat","embeddable":true,"href":"https:\/\/divainers.com\/no\/wp-json\/wp\/v2\/product_cat?post=8488"},{"taxonomy":"product_tag","embeddable":true,"href":"https:\/\/divainers.com\/no\/wp-json\/wp\/v2\/product_tag?post=8488"}],"curies":[{"name":"wp","href":"https:\/\/api.w.org\/{rel}","templated":true}]}}