{"id":8534,"date":"2025-01-31T08:31:54","date_gmt":"2025-01-31T07:31:54","guid":{"rendered":"https:\/\/divainers.com\/producto\/divain-137\/"},"modified":"2026-04-30T09:51:37","modified_gmt":"2026-04-30T07:51:37","slug":"divain-137","status":"publish","type":"product","link":"https:\/\/divainers.com\/no\/producto\/divain-137\/","title":{"rendered":"divain.137"},"content":{"rendered":"<p>En varm og elegant duft som omslutter sansene med sin raffinerte sensualitet. Den fruktige \u00e5pningen av fersken, p\u00e6re og solb\u00e6r gir en saftig og lys s\u00f8dme. I hjertet skaper jasmin og sandeltre en myk og sofistikert kombinasjon som fremhever femininiteten med en omfavnende touch. I bunnen etterlater vanilje og hvit musk en varm og tr\u00f8stende duft, perfekt for den klassiske, sofistikerte kvinnen med tidl\u00f8s sjarm som etterlater et uforglemmelig inntrykk.<\/p>\n","protected":false},"excerpt":{"rendered":"<p>Minner om Burberry Women fra Burberry<\/p>\n","protected":false},"featured_media":8527,"comment_status":"open","ping_status":"closed","template":"","meta":[],"product_brand":[],"product_cat":[1921],"product_tag":[1442],"class_list":{"0":"post-8534","1":"product","2":"type-product","3":"status-publish","4":"has-post-thumbnail","6":"product_cat-burberry","7":"product_tag-kobiety","9":"first","10":"instock","11":"shipping-taxable","12":"product-type-simple"},"_links":{"self":[{"href":"https:\/\/divainers.com\/no\/wp-json\/wp\/v2\/product\/8534","targetHints":{"allow":["GET"]}}],"collection":[{"href":"https:\/\/divainers.com\/no\/wp-json\/wp\/v2\/product"}],"about":[{"href":"https:\/\/divainers.com\/no\/wp-json\/wp\/v2\/types\/product"}],"replies":[{"embeddable":true,"href":"https:\/\/divainers.com\/no\/wp-json\/wp\/v2\/comments?post=8534"}],"wp:featuredmedia":[{"embeddable":true,"href":"https:\/\/divainers.com\/no\/wp-json\/wp\/v2\/media\/8527"}],"wp:attachment":[{"href":"https:\/\/divainers.com\/no\/wp-json\/wp\/v2\/media?parent=8534"}],"wp:term":[{"taxonomy":"product_brand","embeddable":true,"href":"https:\/\/divainers.com\/no\/wp-json\/wp\/v2\/product_brand?post=8534"},{"taxonomy":"product_cat","embeddable":true,"href":"https:\/\/divainers.com\/no\/wp-json\/wp\/v2\/product_cat?post=8534"},{"taxonomy":"product_tag","embeddable":true,"href":"https:\/\/divainers.com\/no\/wp-json\/wp\/v2\/product_tag?post=8534"}],"curies":[{"name":"wp","href":"https:\/\/api.w.org\/{rel}","templated":true}]}}