{"id":8572,"date":"2025-06-02T11:17:25","date_gmt":"2025-06-02T09:17:25","guid":{"rendered":"https:\/\/divainers.com\/producto\/divain-469\/"},"modified":"2026-04-30T09:51:50","modified_gmt":"2026-04-30T07:51:50","slug":"divain-469","status":"publish","type":"product","link":"https:\/\/divainers.com\/no\/producto\/divain-469\/","title":{"rendered":"divain.469"},"content":{"rendered":"<p>En intens og sofistikert duft som kombinerer krydret varme med en dyp og elegant karakter. Dens magnetiske og omsluttende tilstedev\u00e6relse gj\u00f8r den ideell for dem som s\u00f8ker en distinkt essens som reflekterer styrke og karisma.<\/p>\n","protected":false},"excerpt":{"rendered":"<p>Ligner Bvlgari Manin Black de Bvlgari<\/p>\n","protected":false},"featured_media":3860,"comment_status":"closed","ping_status":"closed","template":"","meta":[],"product_brand":[],"product_cat":[1930],"product_tag":[1364],"class_list":{"0":"post-8572","1":"product","2":"type-product","3":"status-publish","4":"has-post-thumbnail","6":"product_cat-bvlgari","7":"product_tag-menn","9":"first","10":"instock","11":"shipping-taxable","12":"product-type-simple"},"_links":{"self":[{"href":"https:\/\/divainers.com\/no\/wp-json\/wp\/v2\/product\/8572","targetHints":{"allow":["GET"]}}],"collection":[{"href":"https:\/\/divainers.com\/no\/wp-json\/wp\/v2\/product"}],"about":[{"href":"https:\/\/divainers.com\/no\/wp-json\/wp\/v2\/types\/product"}],"replies":[{"embeddable":true,"href":"https:\/\/divainers.com\/no\/wp-json\/wp\/v2\/comments?post=8572"}],"wp:featuredmedia":[{"embeddable":true,"href":"https:\/\/divainers.com\/no\/wp-json\/wp\/v2\/media\/3860"}],"wp:attachment":[{"href":"https:\/\/divainers.com\/no\/wp-json\/wp\/v2\/media?parent=8572"}],"wp:term":[{"taxonomy":"product_brand","embeddable":true,"href":"https:\/\/divainers.com\/no\/wp-json\/wp\/v2\/product_brand?post=8572"},{"taxonomy":"product_cat","embeddable":true,"href":"https:\/\/divainers.com\/no\/wp-json\/wp\/v2\/product_cat?post=8572"},{"taxonomy":"product_tag","embeddable":true,"href":"https:\/\/divainers.com\/no\/wp-json\/wp\/v2\/product_tag?post=8572"}],"curies":[{"name":"wp","href":"https:\/\/api.w.org\/{rel}","templated":true}]}}