{"id":8660,"date":"2025-01-31T08:33:38","date_gmt":"2025-01-31T07:33:38","guid":{"rendered":"https:\/\/divainers.com\/producto\/divain-659\/"},"modified":"2026-04-30T09:52:24","modified_gmt":"2026-04-30T07:52:24","slug":"divain-659","status":"publish","type":"product","link":"https:\/\/divainers.com\/no\/producto\/divain-659\/","title":{"rendered":"divain.659"},"content":{"rendered":"<p>En duft som oser av sensualitet og mystikk, perfekt for kvinnen som \u00f8nsker \u00e5 forf\u00f8re med et unikt spor. Den begynner med en fruktig og saftig blanding, hvor noter av plomme og bringeb\u00e6r tilf\u00f8rer en s\u00f8t friskhet, ledsaget av et delikat blomsterpreg. Hjertet fylles med en subtil akkord av eksotiske blomster, som jasmin, som gir en feminin og omsluttende sensualitet. Til slutt skaper bunnnotene av sandeltre og musk en varm og jordn\u00e6r base, som etterlater en f\u00f8lelse av mykhet og dybde som varer.<\/p>\n","protected":false},"excerpt":{"rendered":"<p>Ligner Forbidden fra Victoria&#8217;s Secret<\/p>\n","protected":false},"featured_media":8651,"comment_status":"open","ping_status":"closed","template":"","meta":[],"product_brand":[],"product_cat":[1985],"product_tag":[1444],"class_list":{"0":"post-8660","1":"product","2":"type-product","3":"status-publish","4":"has-post-thumbnail","6":"product_cat-victorias-secret","7":"product_tag-kvinner","9":"first","10":"instock","11":"shipping-taxable","12":"product-type-simple"},"_links":{"self":[{"href":"https:\/\/divainers.com\/no\/wp-json\/wp\/v2\/product\/8660","targetHints":{"allow":["GET"]}}],"collection":[{"href":"https:\/\/divainers.com\/no\/wp-json\/wp\/v2\/product"}],"about":[{"href":"https:\/\/divainers.com\/no\/wp-json\/wp\/v2\/types\/product"}],"replies":[{"embeddable":true,"href":"https:\/\/divainers.com\/no\/wp-json\/wp\/v2\/comments?post=8660"}],"wp:featuredmedia":[{"embeddable":true,"href":"https:\/\/divainers.com\/no\/wp-json\/wp\/v2\/media\/8651"}],"wp:attachment":[{"href":"https:\/\/divainers.com\/no\/wp-json\/wp\/v2\/media?parent=8660"}],"wp:term":[{"taxonomy":"product_brand","embeddable":true,"href":"https:\/\/divainers.com\/no\/wp-json\/wp\/v2\/product_brand?post=8660"},{"taxonomy":"product_cat","embeddable":true,"href":"https:\/\/divainers.com\/no\/wp-json\/wp\/v2\/product_cat?post=8660"},{"taxonomy":"product_tag","embeddable":true,"href":"https:\/\/divainers.com\/no\/wp-json\/wp\/v2\/product_tag?post=8660"}],"curies":[{"name":"wp","href":"https:\/\/api.w.org\/{rel}","templated":true}]}}