{"id":9186,"date":"2025-01-31T08:33:39","date_gmt":"2025-01-31T07:33:39","guid":{"rendered":"https:\/\/divainers.com\/producto\/divain-100\/"},"modified":"2026-04-30T09:54:41","modified_gmt":"2026-04-30T07:54:41","slug":"divain-100","status":"publish","type":"product","link":"https:\/\/divainers.com\/no\/producto\/divain-100\/","title":{"rendered":"divain.100"},"content":{"rendered":"<p>En ren og naturlig duft som fremkaller morgenens friskhet og naturens \u00f8mhet. Den lyse \u00e5pningen med sitrus og gr\u00f8nne blader gir en oppkvikkende og lett f\u00f8lelse. I hjertet omslutter en blomsterbukett av jasmin, rose og liljekonvall duften med en myk og elegant femininitet. I bunnen skaper musk og sedertre en varm og omsluttende duft, perfekt for den romantiske, rolige kvinnen med en subtil sjarm som setter spor.<\/p>\n","protected":false},"excerpt":{"rendered":"<p>Ligner Agua de Rocio fra Victorio &#038; Lucchino<\/p>\n","protected":false},"featured_media":9182,"comment_status":"open","ping_status":"closed","template":"","meta":[],"product_brand":[],"product_cat":[2236],"product_tag":[1444],"class_list":{"0":"post-9186","1":"product","2":"type-product","3":"status-publish","4":"has-post-thumbnail","6":"product_cat-victorio-lucchino","7":"product_tag-kvinner","9":"first","10":"instock","11":"shipping-taxable","12":"product-type-simple"},"_links":{"self":[{"href":"https:\/\/divainers.com\/no\/wp-json\/wp\/v2\/product\/9186","targetHints":{"allow":["GET"]}}],"collection":[{"href":"https:\/\/divainers.com\/no\/wp-json\/wp\/v2\/product"}],"about":[{"href":"https:\/\/divainers.com\/no\/wp-json\/wp\/v2\/types\/product"}],"replies":[{"embeddable":true,"href":"https:\/\/divainers.com\/no\/wp-json\/wp\/v2\/comments?post=9186"}],"wp:featuredmedia":[{"embeddable":true,"href":"https:\/\/divainers.com\/no\/wp-json\/wp\/v2\/media\/9182"}],"wp:attachment":[{"href":"https:\/\/divainers.com\/no\/wp-json\/wp\/v2\/media?parent=9186"}],"wp:term":[{"taxonomy":"product_brand","embeddable":true,"href":"https:\/\/divainers.com\/no\/wp-json\/wp\/v2\/product_brand?post=9186"},{"taxonomy":"product_cat","embeddable":true,"href":"https:\/\/divainers.com\/no\/wp-json\/wp\/v2\/product_cat?post=9186"},{"taxonomy":"product_tag","embeddable":true,"href":"https:\/\/divainers.com\/no\/wp-json\/wp\/v2\/product_tag?post=9186"}],"curies":[{"name":"wp","href":"https:\/\/api.w.org\/{rel}","templated":true}]}}