{"id":1001,"date":"2025-01-31T08:33:14","date_gmt":"2025-01-31T07:33:14","guid":{"rendered":"https:\/\/divainers.com\/producto\/divain-007\/"},"modified":"2026-03-16T16:08:12","modified_gmt":"2026-03-16T15:08:12","slug":"divain-007","status":"publish","type":"product","link":"https:\/\/divainers.com\/pl\/producto\/divain-007\/","title":{"rendered":"divain.007"},"content":{"rendered":"<p>Una fragancia audaz y rebelde que fusiona frescura y sensualidad en un solo aroma. La chispeante salida de lim\u00f3n y salvia despierta los sentidos, mientras un coraz\u00f3n especiado de canela y pralin\u00e9 a\u00f1ade un toque c\u00e1lido y adictivo. En el fondo, la profundidad de la madera de \u00e9bano y el pachul\u00ed crean una estela intensa y envolvente. Perfecta para esp\u00edritus libres y carism\u00e1ticos que dejan huella a donde quiera que van.<\/p>\n","protected":false},"excerpt":{"rendered":"<p>Recuerda a Black XS Men de Paco Rabanne<\/p>\n","protected":false},"featured_media":3437,"comment_status":"open","ping_status":"closed","template":"","meta":[],"product_brand":[],"product_cat":[802],"product_tag":[1343],"class_list":{"0":"post-1001","1":"product","2":"type-product","3":"status-publish","4":"has-post-thumbnail","6":"product_cat-paco-rabanne","7":"product_tag-hommes","9":"first","10":"instock","11":"shipping-taxable","12":"product-type-simple"},"_links":{"self":[{"href":"https:\/\/divainers.com\/pl\/wp-json\/wp\/v2\/product\/1001","targetHints":{"allow":["GET"]}}],"collection":[{"href":"https:\/\/divainers.com\/pl\/wp-json\/wp\/v2\/product"}],"about":[{"href":"https:\/\/divainers.com\/pl\/wp-json\/wp\/v2\/types\/product"}],"replies":[{"embeddable":true,"href":"https:\/\/divainers.com\/pl\/wp-json\/wp\/v2\/comments?post=1001"}],"wp:featuredmedia":[{"embeddable":true,"href":"https:\/\/divainers.com\/pl\/wp-json\/wp\/v2\/media\/3437"}],"wp:attachment":[{"href":"https:\/\/divainers.com\/pl\/wp-json\/wp\/v2\/media?parent=1001"}],"wp:term":[{"taxonomy":"product_brand","embeddable":true,"href":"https:\/\/divainers.com\/pl\/wp-json\/wp\/v2\/product_brand?post=1001"},{"taxonomy":"product_cat","embeddable":true,"href":"https:\/\/divainers.com\/pl\/wp-json\/wp\/v2\/product_cat?post=1001"},{"taxonomy":"product_tag","embeddable":true,"href":"https:\/\/divainers.com\/pl\/wp-json\/wp\/v2\/product_tag?post=1001"}],"curies":[{"name":"wp","href":"https:\/\/api.w.org\/{rel}","templated":true}]}}