{"id":1055,"date":"2025-01-31T08:33:20","date_gmt":"2025-01-31T07:33:20","guid":{"rendered":"https:\/\/divainers.com\/producto\/divain-734\/"},"modified":"2026-03-16T16:08:17","modified_gmt":"2026-03-16T15:08:17","slug":"divain-734","status":"publish","type":"product","link":"https:\/\/divainers.com\/pl\/producto\/divain-734\/","title":{"rendered":"divain.734"},"content":{"rendered":"<p>Es una fragancia que exuda un aire ex\u00f3tico y sofisticado, con una mezcla opulenta de notas orientales y amaderadas. Se abre con una combinaci\u00f3n vibrante de c\u00edtricos, especias y flores ex\u00f3ticas, que crean una sensaci\u00f3n c\u00e1lida y envolvente. En el coraz\u00f3n, notas florales y de especias como el clavo y el incienso se mezclan con un toque dulce y cremoso. La base es profunda, con maderas ricas y un toque de \u00e1mbar y vainilla que le dan una calidad sensual y lujosa. Es una fragancia compleja y envolvente, ideal para quienes buscan una experiencia olfativa \u00fanica y memorable.<\/p>\n","protected":false},"excerpt":{"rendered":"<p>Recuerda a Babylon de Penhaligon&#8217;s<\/p>\n","protected":false},"featured_media":3045,"comment_status":"open","ping_status":"closed","template":"","meta":[],"product_brand":[],"product_cat":[852],"product_tag":[1402],"class_list":{"0":"post-1055","1":"product","2":"type-product","3":"status-publish","4":"has-post-thumbnail","6":"product_cat-penhaligons","7":"product_tag-unisex","9":"first","10":"instock","11":"shipping-taxable","12":"product-type-simple"},"_links":{"self":[{"href":"https:\/\/divainers.com\/pl\/wp-json\/wp\/v2\/product\/1055","targetHints":{"allow":["GET"]}}],"collection":[{"href":"https:\/\/divainers.com\/pl\/wp-json\/wp\/v2\/product"}],"about":[{"href":"https:\/\/divainers.com\/pl\/wp-json\/wp\/v2\/types\/product"}],"replies":[{"embeddable":true,"href":"https:\/\/divainers.com\/pl\/wp-json\/wp\/v2\/comments?post=1055"}],"wp:featuredmedia":[{"embeddable":true,"href":"https:\/\/divainers.com\/pl\/wp-json\/wp\/v2\/media\/3045"}],"wp:attachment":[{"href":"https:\/\/divainers.com\/pl\/wp-json\/wp\/v2\/media?parent=1055"}],"wp:term":[{"taxonomy":"product_brand","embeddable":true,"href":"https:\/\/divainers.com\/pl\/wp-json\/wp\/v2\/product_brand?post=1055"},{"taxonomy":"product_cat","embeddable":true,"href":"https:\/\/divainers.com\/pl\/wp-json\/wp\/v2\/product_cat?post=1055"},{"taxonomy":"product_tag","embeddable":true,"href":"https:\/\/divainers.com\/pl\/wp-json\/wp\/v2\/product_tag?post=1055"}],"curies":[{"name":"wp","href":"https:\/\/api.w.org\/{rel}","templated":true}]}}