{"id":10715,"date":"2025-01-31T08:32:35","date_gmt":"2025-01-31T07:32:35","guid":{"rendered":"https:\/\/divainers.com\/producto\/divain-383\/"},"modified":"2026-04-30T10:46:53","modified_gmt":"2026-04-30T08:46:53","slug":"divain-383","status":"publish","type":"product","link":"https:\/\/divainers.com\/pl\/producto\/divain-383\/","title":{"rendered":"divain.383"},"content":{"rendered":"<p>\u015amia\u0142a i uwodzicielska kompozycja, w kt\u00f3rej aromatyczna lawenda \u0142\u0105czy si\u0119 z drzewnymi nutami i korzennym t\u0142em. Jej g\u0142\u0119boki i lekko s\u0142odki charakter nadaje nowoczesny wyd\u017awi\u0119k, nie trac\u0105c przy tym klasycznej i m\u0119skiej esencji.<\/p>\n","protected":false},"excerpt":{"rendered":"<p>Przypomina Drakkar Intense de Guy Laroche<\/p>\n","protected":false},"featured_media":10711,"comment_status":"open","ping_status":"closed","template":"","meta":[],"product_brand":[],"product_cat":[2931],"product_tag":[1363],"class_list":{"0":"post-10715","1":"product","2":"type-product","3":"status-publish","4":"has-post-thumbnail","6":"product_cat-guy-laroche","7":"product_tag-mezczyzni","9":"first","10":"instock","11":"shipping-taxable","12":"product-type-simple"},"_links":{"self":[{"href":"https:\/\/divainers.com\/pl\/wp-json\/wp\/v2\/product\/10715","targetHints":{"allow":["GET"]}}],"collection":[{"href":"https:\/\/divainers.com\/pl\/wp-json\/wp\/v2\/product"}],"about":[{"href":"https:\/\/divainers.com\/pl\/wp-json\/wp\/v2\/types\/product"}],"replies":[{"embeddable":true,"href":"https:\/\/divainers.com\/pl\/wp-json\/wp\/v2\/comments?post=10715"}],"wp:featuredmedia":[{"embeddable":true,"href":"https:\/\/divainers.com\/pl\/wp-json\/wp\/v2\/media\/10711"}],"wp:attachment":[{"href":"https:\/\/divainers.com\/pl\/wp-json\/wp\/v2\/media?parent=10715"}],"wp:term":[{"taxonomy":"product_brand","embeddable":true,"href":"https:\/\/divainers.com\/pl\/wp-json\/wp\/v2\/product_brand?post=10715"},{"taxonomy":"product_cat","embeddable":true,"href":"https:\/\/divainers.com\/pl\/wp-json\/wp\/v2\/product_cat?post=10715"},{"taxonomy":"product_tag","embeddable":true,"href":"https:\/\/divainers.com\/pl\/wp-json\/wp\/v2\/product_tag?post=10715"}],"curies":[{"name":"wp","href":"https:\/\/api.w.org\/{rel}","templated":true}]}}