{"id":11303,"date":"2025-01-31T08:33:26","date_gmt":"2025-01-31T07:33:26","guid":{"rendered":"https:\/\/divainers.com\/producto\/divain-544\/"},"modified":"2026-04-30T10:50:07","modified_gmt":"2026-04-30T08:50:07","slug":"divain-544","status":"publish","type":"product","link":"https:\/\/divainers.com\/pl\/producto\/divain-544\/","title":{"rendered":"divain.544"},"content":{"rendered":"<p>Delikatny i \u015bwietlisty zapach, kt\u00f3ry przywo\u0142uje subteln\u0105 elegancj\u0119 i \u015bwie\u017co\u015b\u0107 cennego klejnotu. Od otwarcia mieszanka \u015bwie\u017cych cytrus\u00f3w i zielonych li\u015bci budzi zmys\u0142y \u017cywym i orze\u017awiaj\u0105cym uczuciem. W sercu kwiatowy bukiet r\u00f3\u017cy, ja\u015bminu i konwalii wnosi mi\u0119kk\u0105 i wyrafinowan\u0105 kobieco\u015b\u0107, a nuta maliny dodaje lekkiej, owocowej s\u0142odyczy. Na ko\u0144cu baza z pi\u017cma, drewna cedrowego i wanilii pozostawia ciep\u0142y, otulaj\u0105cy i zmys\u0142owy \u015blad. Idealny perfum dla tych, kt\u00f3rzy szukaj\u0105 \u015bwie\u017cego, kwiatowego i eleganckiego zapachu, doskona\u0142ego na co dzie\u0144 lub na specjalne okazje pe\u0142ne \u015bwiat\u0142a i wdzi\u0119ku.<\/p>\n","protected":false},"excerpt":{"rendered":"<p>Przypomina Aura od Swarovski<\/p>\n","protected":false},"featured_media":11299,"comment_status":"open","ping_status":"closed","template":"","meta":[],"product_brand":[],"product_cat":[3224],"product_tag":[1442],"class_list":{"0":"post-11303","1":"product","2":"type-product","3":"status-publish","4":"has-post-thumbnail","6":"product_cat-swarovski","7":"product_tag-kobiety","9":"first","10":"instock","11":"shipping-taxable","12":"product-type-simple"},"_links":{"self":[{"href":"https:\/\/divainers.com\/pl\/wp-json\/wp\/v2\/product\/11303","targetHints":{"allow":["GET"]}}],"collection":[{"href":"https:\/\/divainers.com\/pl\/wp-json\/wp\/v2\/product"}],"about":[{"href":"https:\/\/divainers.com\/pl\/wp-json\/wp\/v2\/types\/product"}],"replies":[{"embeddable":true,"href":"https:\/\/divainers.com\/pl\/wp-json\/wp\/v2\/comments?post=11303"}],"wp:featuredmedia":[{"embeddable":true,"href":"https:\/\/divainers.com\/pl\/wp-json\/wp\/v2\/media\/11299"}],"wp:attachment":[{"href":"https:\/\/divainers.com\/pl\/wp-json\/wp\/v2\/media?parent=11303"}],"wp:term":[{"taxonomy":"product_brand","embeddable":true,"href":"https:\/\/divainers.com\/pl\/wp-json\/wp\/v2\/product_brand?post=11303"},{"taxonomy":"product_cat","embeddable":true,"href":"https:\/\/divainers.com\/pl\/wp-json\/wp\/v2\/product_cat?post=11303"},{"taxonomy":"product_tag","embeddable":true,"href":"https:\/\/divainers.com\/pl\/wp-json\/wp\/v2\/product_tag?post=11303"}],"curies":[{"name":"wp","href":"https:\/\/api.w.org\/{rel}","templated":true}]}}