{"id":1156,"date":"2025-01-31T08:33:32","date_gmt":"2025-01-31T07:33:32","guid":{"rendered":"https:\/\/divainers.com\/producto\/divain-757\/"},"modified":"2026-04-30T16:13:13","modified_gmt":"2026-04-30T14:13:13","slug":"divain-757","status":"publish","type":"product","link":"https:\/\/divainers.com\/pl\/producto\/divain-757\/","title":{"rendered":"divain.757"},"content":{"rendered":"<p>To je zavodljiv i tajanstven miris koji hvata no\u0107nu esenciju cvijeta narda u njegovom najtjelesnijem i obavijaju\u0107em izdanju. Za\u010dinski i svijetli po\u010detak vodi do kremastog i opojnog srca, gdje se cvjetna slatko\u0107a isprepli\u0107e s jantarno-smolastim nijansama. U bazi, drvenaste i mo\u0161usne note daju dubinu i senzualnost, ostavljaju\u0107i topao i ovisni\u010dki trag koji obavija ko\u017eu elegancijom i magnetizmom.<\/p>\n","protected":false},"excerpt":{"rendered":"<p>Podsje\u0107a na Tub\u00e9reuse Nue od Tom Ford<\/p>\n","protected":false},"featured_media":15714,"comment_status":"open","ping_status":"closed","template":"","meta":[],"product_brand":[],"product_cat":[4265],"product_tag":[1389],"class_list":{"0":"post-1156","1":"product","2":"type-product","3":"status-publish","4":"has-post-thumbnail","6":"product_cat-tom-ford","7":"product_tag-unisex","9":"first","10":"instock","11":"shipping-taxable","12":"product-type-simple"},"_links":{"self":[{"href":"https:\/\/divainers.com\/pl\/wp-json\/wp\/v2\/product\/1156","targetHints":{"allow":["GET"]}}],"collection":[{"href":"https:\/\/divainers.com\/pl\/wp-json\/wp\/v2\/product"}],"about":[{"href":"https:\/\/divainers.com\/pl\/wp-json\/wp\/v2\/types\/product"}],"replies":[{"embeddable":true,"href":"https:\/\/divainers.com\/pl\/wp-json\/wp\/v2\/comments?post=1156"}],"wp:featuredmedia":[{"embeddable":true,"href":"https:\/\/divainers.com\/pl\/wp-json\/wp\/v2\/media\/15714"}],"wp:attachment":[{"href":"https:\/\/divainers.com\/pl\/wp-json\/wp\/v2\/media?parent=1156"}],"wp:term":[{"taxonomy":"product_brand","embeddable":true,"href":"https:\/\/divainers.com\/pl\/wp-json\/wp\/v2\/product_brand?post=1156"},{"taxonomy":"product_cat","embeddable":true,"href":"https:\/\/divainers.com\/pl\/wp-json\/wp\/v2\/product_cat?post=1156"},{"taxonomy":"product_tag","embeddable":true,"href":"https:\/\/divainers.com\/pl\/wp-json\/wp\/v2\/product_tag?post=1156"}],"curies":[{"name":"wp","href":"https:\/\/api.w.org\/{rel}","templated":true}]}}