{"id":1173,"date":"2025-01-31T08:33:35","date_gmt":"2025-01-31T07:33:35","guid":{"rendered":"https:\/\/divainers.com\/producto\/divain-874\/"},"modified":"2026-04-30T16:14:56","modified_gmt":"2026-04-30T14:14:56","slug":"divain-874","status":"publish","type":"product","link":"https:\/\/divainers.com\/pl\/producto\/divain-874\/","title":{"rendered":"divain.874"},"content":{"rendered":"<p>Zamislite miris koji utjelovljuje sofisticiranost i luksuz, gdje se vo\u0107ne i cvjetne note isprepli\u0107u u savr\u0161enoj harmoniji. Ova esencija zapo\u010dinje \u017eivahnim otvaranjem s nektarom zelene kru\u0161ke, grejpa i slatke naran\u010de, pru\u017eaju\u0107i osvje\u017eavaju\u0107u svje\u017einu koja budi osjetila. U srcu, kampernjak, sun\u010dani jasmin i ljubi\u010dica donose cvjetnu nje\u017enost koja priziva eleganciju i \u017eenstvenost. U bazi, karamelizirana vanilija, indonezijski pa\u010duli, cistus i mo\u0161us stvaraju toplu i senzualnu podlogu, ostavljaju\u0107i dugotrajan trag koji poziva na otkrivanje novih nijansi pri svakoj primjeni. Ova kompozicija nudi mirisno iskustvo koje spaja slatko\u0107u, svje\u017einu i dubinu, savr\u0161eno za one koji tra\u017ee miris koji odra\u017eava luksuz i sofisticiranost u svakoj noti.<\/p>\n","protected":false},"excerpt":{"rendered":"<p>Podsje\u0107a na Love Me The Emerald Elixir od Tous<\/p>\n","protected":false},"featured_media":15817,"comment_status":"open","ping_status":"closed","template":"","meta":[],"product_brand":[],"product_cat":[4521],"product_tag":[1439],"class_list":{"0":"post-1173","1":"product","2":"type-product","3":"status-publish","4":"has-post-thumbnail","6":"product_cat-tous","7":"product_tag-kvinnor","9":"first","10":"instock","11":"shipping-taxable","12":"product-type-simple"},"_links":{"self":[{"href":"https:\/\/divainers.com\/pl\/wp-json\/wp\/v2\/product\/1173","targetHints":{"allow":["GET"]}}],"collection":[{"href":"https:\/\/divainers.com\/pl\/wp-json\/wp\/v2\/product"}],"about":[{"href":"https:\/\/divainers.com\/pl\/wp-json\/wp\/v2\/types\/product"}],"replies":[{"embeddable":true,"href":"https:\/\/divainers.com\/pl\/wp-json\/wp\/v2\/comments?post=1173"}],"wp:featuredmedia":[{"embeddable":true,"href":"https:\/\/divainers.com\/pl\/wp-json\/wp\/v2\/media\/15817"}],"wp:attachment":[{"href":"https:\/\/divainers.com\/pl\/wp-json\/wp\/v2\/media?parent=1173"}],"wp:term":[{"taxonomy":"product_brand","embeddable":true,"href":"https:\/\/divainers.com\/pl\/wp-json\/wp\/v2\/product_brand?post=1173"},{"taxonomy":"product_cat","embeddable":true,"href":"https:\/\/divainers.com\/pl\/wp-json\/wp\/v2\/product_cat?post=1173"},{"taxonomy":"product_tag","embeddable":true,"href":"https:\/\/divainers.com\/pl\/wp-json\/wp\/v2\/product_tag?post=1173"}],"curies":[{"name":"wp","href":"https:\/\/api.w.org\/{rel}","templated":true}]}}