{"id":11753,"date":"2025-01-31T08:33:27","date_gmt":"2025-01-31T07:33:27","guid":{"rendered":"https:\/\/divainers.com\/producto\/divain-903\/"},"modified":"2026-04-30T10:53:19","modified_gmt":"2026-04-30T08:53:19","slug":"divain-903","status":"publish","type":"product","link":"https:\/\/divainers.com\/pl\/producto\/divain-903\/","title":{"rendered":"divain.903"},"content":{"rendered":"<p>Uroczy i delikatny zapach, kt\u00f3ry przywo\u0142uje czysto\u015b\u0107 dzieci\u0144stwa dzi\u0119ki \u015bwie\u017cej i mi\u0119kkiej mieszance jasnych cytrus\u00f3w i delikatnych kwiatowych nut. Otwarcie to westchnienie cytryny i s\u0142odkich pomara\u0144czy, kt\u00f3re natychmiast budzi zmys\u0142y m\u0142odzie\u0144cz\u0105 witalno\u015bci\u0105. W miar\u0119 rozwoju zapachu nuty kwiatu pomara\u0144czy i ja\u015bminu dodaj\u0105 ciep\u0142y i delikatny akcent, podczas gdy baza z migda\u0142u i wanilii otula zapach koj\u0105c\u0105 mi\u0119kko\u015bci\u0105, pozostawiaj\u0105c s\u0142odk\u0105 i lekko kremow\u0105 nut\u0119. Ten perfum jest idealny dla tych, kt\u00f3rzy szukaj\u0105 lekkiego, \u015bwie\u017cego i delikatnego zapachu, odzwierciedlaj\u0105cego niewinno\u015b\u0107 i rado\u015b\u0107 pierwszych chwil, tworz\u0105c uczucie ciep\u0142a i \u015bwie\u017co\u015bci, kt\u00f3re delikatnie utrzymuje si\u0119 przez ca\u0142y dzie\u0144.<\/p>\n","protected":false},"excerpt":{"rendered":"<p>Przypomina Ptisenbon od Tartine et Chocolat<\/p>\n","protected":false},"featured_media":3193,"comment_status":"open","ping_status":"closed","template":"","meta":[],"product_brand":[],"product_cat":[3457],"product_tag":[2337],"class_list":{"0":"post-11753","1":"product","2":"type-product","3":"status-publish","4":"has-post-thumbnail","6":"product_cat-tartine-et-chocolat","7":"product_tag-ninos-y-ninas","9":"first","10":"instock","11":"shipping-taxable","12":"product-type-simple"},"_links":{"self":[{"href":"https:\/\/divainers.com\/pl\/wp-json\/wp\/v2\/product\/11753","targetHints":{"allow":["GET"]}}],"collection":[{"href":"https:\/\/divainers.com\/pl\/wp-json\/wp\/v2\/product"}],"about":[{"href":"https:\/\/divainers.com\/pl\/wp-json\/wp\/v2\/types\/product"}],"replies":[{"embeddable":true,"href":"https:\/\/divainers.com\/pl\/wp-json\/wp\/v2\/comments?post=11753"}],"wp:featuredmedia":[{"embeddable":true,"href":"https:\/\/divainers.com\/pl\/wp-json\/wp\/v2\/media\/3193"}],"wp:attachment":[{"href":"https:\/\/divainers.com\/pl\/wp-json\/wp\/v2\/media?parent=11753"}],"wp:term":[{"taxonomy":"product_brand","embeddable":true,"href":"https:\/\/divainers.com\/pl\/wp-json\/wp\/v2\/product_brand?post=11753"},{"taxonomy":"product_cat","embeddable":true,"href":"https:\/\/divainers.com\/pl\/wp-json\/wp\/v2\/product_cat?post=11753"},{"taxonomy":"product_tag","embeddable":true,"href":"https:\/\/divainers.com\/pl\/wp-json\/wp\/v2\/product_tag?post=11753"}],"curies":[{"name":"wp","href":"https:\/\/api.w.org\/{rel}","templated":true}]}}