{"id":1210,"date":"2025-01-31T08:33:40","date_gmt":"2025-01-31T07:33:40","guid":{"rendered":"https:\/\/divainers.com\/producto\/divain-949\/"},"modified":"2026-03-16T16:08:29","modified_gmt":"2026-03-16T15:08:29","slug":"divain-949","status":"publish","type":"product","link":"https:\/\/divainers.com\/pl\/producto\/divain-949\/","title":{"rendered":"divain.949"},"content":{"rendered":"<p>Una fragancia fresca y lujosa que evoca la vitalidad de un jard\u00edn soleado en pleno verano. Desde la apertura, las <em data-start=\"275\" data-end=\"291\">notas c\u00edtricas<\/em> de <em data-start=\"295\" data-end=\"302\">lim\u00f3n<\/em> y <em data-start=\"305\" data-end=\"316\">mandarina<\/em> se combinan con la frescura verde de <em data-start=\"354\" data-end=\"364\">albahaca<\/em> y <em data-start=\"367\" data-end=\"374\">menta<\/em>, creando una explosi\u00f3n revitalizante que despierta los sentidos con una energ\u00eda vibrante. A medida que se despliega, las <em data-start=\"496\" data-end=\"512\">notas florales<\/em> de <em data-start=\"516\" data-end=\"524\">jazm\u00edn<\/em> y <em data-start=\"527\" data-end=\"533\">rosa<\/em> aportan una elegancia sutil, mientras que un toque suave de <em data-start=\"594\" data-end=\"603\">s\u00e1ndalo<\/em> y <em data-start=\"606\" data-end=\"613\">cedro<\/em> introduce una base amaderada que aporta una sensaci\u00f3n de sofisticaci\u00f3n y profundidad. La fragancia se completa con un toque de <em data-start=\"741\" data-end=\"751\">almizcle<\/em>, que le otorga una suavidad y calidez envolventes, dejando una estela fresca, pero elegante. Esta fragancia es perfecta para quienes buscan una experiencia olfativa <em data-start=\"917\" data-end=\"925\">fresca<\/em>, <em data-start=\"927\" data-end=\"937\">elegante<\/em> y <em data-start=\"940\" data-end=\"955\">revitalizante<\/em>, ideal para el d\u00eda a d\u00eda y momentos donde se desea proyectar una sensaci\u00f3n de luminosidad y serenidad.<\/p>\n","protected":false},"excerpt":{"rendered":"<p>Recuerda a Erba Gold de Xerjoff<\/p>\n","protected":false},"featured_media":3224,"comment_status":"open","ping_status":"closed","template":"","meta":[],"product_brand":[],"product_cat":[1033],"product_tag":[1403],"class_list":{"0":"post-1210","1":"product","2":"type-product","3":"status-publish","4":"has-post-thumbnail","6":"product_cat-xerjoff","7":"product_tag-unisex","9":"first","10":"instock","11":"shipping-taxable","12":"product-type-simple"},"_links":{"self":[{"href":"https:\/\/divainers.com\/pl\/wp-json\/wp\/v2\/product\/1210","targetHints":{"allow":["GET"]}}],"collection":[{"href":"https:\/\/divainers.com\/pl\/wp-json\/wp\/v2\/product"}],"about":[{"href":"https:\/\/divainers.com\/pl\/wp-json\/wp\/v2\/types\/product"}],"replies":[{"embeddable":true,"href":"https:\/\/divainers.com\/pl\/wp-json\/wp\/v2\/comments?post=1210"}],"wp:featuredmedia":[{"embeddable":true,"href":"https:\/\/divainers.com\/pl\/wp-json\/wp\/v2\/media\/3224"}],"wp:attachment":[{"href":"https:\/\/divainers.com\/pl\/wp-json\/wp\/v2\/media?parent=1210"}],"wp:term":[{"taxonomy":"product_brand","embeddable":true,"href":"https:\/\/divainers.com\/pl\/wp-json\/wp\/v2\/product_brand?post=1210"},{"taxonomy":"product_cat","embeddable":true,"href":"https:\/\/divainers.com\/pl\/wp-json\/wp\/v2\/product_cat?post=1210"},{"taxonomy":"product_tag","embeddable":true,"href":"https:\/\/divainers.com\/pl\/wp-json\/wp\/v2\/product_tag?post=1210"}],"curies":[{"name":"wp","href":"https:\/\/api.w.org\/{rel}","templated":true}]}}