{"id":1223,"date":"2025-01-31T08:33:42","date_gmt":"2025-01-31T07:33:42","guid":{"rendered":"https:\/\/divainers.com\/producto\/divain-291\/"},"modified":"2026-04-30T16:00:15","modified_gmt":"2026-04-30T14:00:15","slug":"divain-291","status":"publish","type":"product","link":"https:\/\/divainers.com\/pl\/producto\/divain-291\/","title":{"rendered":"divain.291"},"content":{"rendered":"<p>Svje\u017ei i sofisticirani miris s ravnote\u017eom izme\u0111u aromati\u010dnih i drvenastih nota. Otvara se \u017eivahnim izlazom bergamota i \u0111umbira, donose\u0107i citrusni i za\u010dinski dodir. U srcu, kadulja i geranij daju mu \u010dist i moderan karakter. Osnova s ambergrisom, tamjanom i cedrovim drvom dodaje dubinu i elegantan zrak. Svestran je izbor, idealan za svakodnevnu upotrebu ili posebne prilike kada tra\u017eite svje\u017e, ali upe\u010datljiv miris.<\/p>\n","protected":false},"excerpt":{"rendered":"<p>Podsje\u0107a na Yves Saint Laurent Y od Yves Saint Laurent<\/p>\n","protected":false},"featured_media":15336,"comment_status":"open","ping_status":"closed","template":"","meta":[],"product_brand":[],"product_cat":[2243],"product_tag":[1360],"class_list":{"0":"post-1223","1":"product","2":"type-product","3":"status-publish","4":"has-post-thumbnail","6":"product_cat-yves-saint-laurent","7":"product_tag-muskarci","9":"first","10":"instock","11":"shipping-taxable","12":"product-type-simple"},"_links":{"self":[{"href":"https:\/\/divainers.com\/pl\/wp-json\/wp\/v2\/product\/1223","targetHints":{"allow":["GET"]}}],"collection":[{"href":"https:\/\/divainers.com\/pl\/wp-json\/wp\/v2\/product"}],"about":[{"href":"https:\/\/divainers.com\/pl\/wp-json\/wp\/v2\/types\/product"}],"replies":[{"embeddable":true,"href":"https:\/\/divainers.com\/pl\/wp-json\/wp\/v2\/comments?post=1223"}],"wp:featuredmedia":[{"embeddable":true,"href":"https:\/\/divainers.com\/pl\/wp-json\/wp\/v2\/media\/15336"}],"wp:attachment":[{"href":"https:\/\/divainers.com\/pl\/wp-json\/wp\/v2\/media?parent=1223"}],"wp:term":[{"taxonomy":"product_brand","embeddable":true,"href":"https:\/\/divainers.com\/pl\/wp-json\/wp\/v2\/product_brand?post=1223"},{"taxonomy":"product_cat","embeddable":true,"href":"https:\/\/divainers.com\/pl\/wp-json\/wp\/v2\/product_cat?post=1223"},{"taxonomy":"product_tag","embeddable":true,"href":"https:\/\/divainers.com\/pl\/wp-json\/wp\/v2\/product_tag?post=1223"}],"curies":[{"name":"wp","href":"https:\/\/api.w.org\/{rel}","templated":true}]}}