{"id":1231,"date":"2025-01-31T08:33:43","date_gmt":"2025-01-31T07:33:43","guid":{"rendered":"https:\/\/divainers.com\/producto\/divain-943\/"},"modified":"2026-04-30T16:16:09","modified_gmt":"2026-04-30T14:16:09","slug":"divain-943","status":"publish","type":"product","link":"https:\/\/divainers.com\/pl\/producto\/divain-943\/","title":{"rendered":"divain.943"},"content":{"rendered":"<p>Senzualan i elegantan miris koji hvata bit \u017eenstvenosti u njenom najluksuznijem obliku. Od otvaranja, vo\u0107ne note crne ribizle i mandarine mije\u0161aju se s nje\u017enim cvjetnim dodirom ru\u017ee, stvaraju\u0107i \u017eivahan i zavodljiv osje\u0107aj koji obavija osjetila. Kako se razvija, za\u010dinske note ru\u017ei\u010dastog papra i badema isprepli\u0107u se s kremastom bazom vanilije i sandalovine, donose\u0107i sofisticiranu toplinu koja zavodi i obavija. Ovaj miris savr\u0161en je za one koji tra\u017ee parfem koji spaja slatko\u0107u, eleganciju i strast, ostavljaju\u0107i bar\u0161unasti i obavijaju\u0107i trag koji zra\u010di samopouzdanjem i misterijom.<\/p>\n","protected":false},"excerpt":{"rendered":"<p>Podsje\u0107a na Rouge Velours od Yves Saint Laurent<\/p>\n","protected":false},"featured_media":15864,"comment_status":"open","ping_status":"closed","template":"","meta":[],"product_brand":[],"product_cat":[1039],"product_tag":[1387],"class_list":{"0":"post-1231","1":"product","2":"type-product","3":"status-publish","4":"has-post-thumbnail","6":"product_cat-yves-saint-laurent","7":"product_tag-unisex","9":"first","10":"instock","11":"shipping-taxable","12":"product-type-simple"},"_links":{"self":[{"href":"https:\/\/divainers.com\/pl\/wp-json\/wp\/v2\/product\/1231","targetHints":{"allow":["GET"]}}],"collection":[{"href":"https:\/\/divainers.com\/pl\/wp-json\/wp\/v2\/product"}],"about":[{"href":"https:\/\/divainers.com\/pl\/wp-json\/wp\/v2\/types\/product"}],"replies":[{"embeddable":true,"href":"https:\/\/divainers.com\/pl\/wp-json\/wp\/v2\/comments?post=1231"}],"wp:featuredmedia":[{"embeddable":true,"href":"https:\/\/divainers.com\/pl\/wp-json\/wp\/v2\/media\/15864"}],"wp:attachment":[{"href":"https:\/\/divainers.com\/pl\/wp-json\/wp\/v2\/media?parent=1231"}],"wp:term":[{"taxonomy":"product_brand","embeddable":true,"href":"https:\/\/divainers.com\/pl\/wp-json\/wp\/v2\/product_brand?post=1231"},{"taxonomy":"product_cat","embeddable":true,"href":"https:\/\/divainers.com\/pl\/wp-json\/wp\/v2\/product_cat?post=1231"},{"taxonomy":"product_tag","embeddable":true,"href":"https:\/\/divainers.com\/pl\/wp-json\/wp\/v2\/product_tag?post=1231"}],"curies":[{"name":"wp","href":"https:\/\/api.w.org\/{rel}","templated":true}]}}