{"id":12333,"date":"2025-01-31T08:33:27","date_gmt":"2025-01-31T07:33:27","guid":{"rendered":"https:\/\/divainers.com\/producto\/divain-036\/"},"modified":"2026-04-30T10:56:46","modified_gmt":"2026-04-30T08:56:46","slug":"divain-036","status":"publish","type":"product","link":"https:\/\/divainers.com\/pl\/producto\/divain-036\/","title":{"rendered":"divain.036"},"content":{"rendered":"<p>Mocny i awangardowy zapach, kt\u00f3ry \u0142\u0105czy intensywno\u015b\u0107 i wyrafinowanie w niezapomnianej kompozycji. Jego \u017cywe otwarcie z mi\u0119ty i lawendy przynosi \u015bwie\u017co\u015b\u0107, podczas gdy uzale\u017cniaj\u0105ce serce z kawy i karmelu dodaje s\u0142odki i pikantny akcent, tworz\u0105c ciep\u0142e i otulaj\u0105ce wra\u017cenie. W bazie paczula, pi\u017cmo i wanilia wzmacniaj\u0105 jego g\u0142\u0119boki i magnetyczny charakter, pozostawiaj\u0105c intensywn\u0105 i trwa\u0142\u0105 nut\u0119. Idealny dla odwa\u017cnego i charyzmatycznego m\u0119\u017cczyzny, kt\u00f3ry szuka unikalnego zapachu o niezwyk\u0142ej osobowo\u015bci.<\/p>\n","protected":false},"excerpt":{"rendered":"<p>Przypomina A*Men od Thierry Mugler<\/p>\n","protected":false},"featured_media":12329,"comment_status":"open","ping_status":"closed","template":"","meta":[],"product_brand":[],"product_cat":[3749],"product_tag":[1363],"class_list":{"0":"post-12333","1":"product","2":"type-product","3":"status-publish","4":"has-post-thumbnail","6":"product_cat-thierry-mugler","7":"product_tag-mezczyzni","9":"first","10":"instock","11":"shipping-taxable","12":"product-type-simple"},"_links":{"self":[{"href":"https:\/\/divainers.com\/pl\/wp-json\/wp\/v2\/product\/12333","targetHints":{"allow":["GET"]}}],"collection":[{"href":"https:\/\/divainers.com\/pl\/wp-json\/wp\/v2\/product"}],"about":[{"href":"https:\/\/divainers.com\/pl\/wp-json\/wp\/v2\/types\/product"}],"replies":[{"embeddable":true,"href":"https:\/\/divainers.com\/pl\/wp-json\/wp\/v2\/comments?post=12333"}],"wp:featuredmedia":[{"embeddable":true,"href":"https:\/\/divainers.com\/pl\/wp-json\/wp\/v2\/media\/12329"}],"wp:attachment":[{"href":"https:\/\/divainers.com\/pl\/wp-json\/wp\/v2\/media?parent=12333"}],"wp:term":[{"taxonomy":"product_brand","embeddable":true,"href":"https:\/\/divainers.com\/pl\/wp-json\/wp\/v2\/product_brand?post=12333"},{"taxonomy":"product_cat","embeddable":true,"href":"https:\/\/divainers.com\/pl\/wp-json\/wp\/v2\/product_cat?post=12333"},{"taxonomy":"product_tag","embeddable":true,"href":"https:\/\/divainers.com\/pl\/wp-json\/wp\/v2\/product_tag?post=12333"}],"curies":[{"name":"wp","href":"https:\/\/api.w.org\/{rel}","templated":true}]}}