{"id":12879,"date":"2025-01-31T08:33:28","date_gmt":"2025-01-31T07:33:28","guid":{"rendered":"https:\/\/divainers.com\/producto\/divain-426\/"},"modified":"2026-04-30T10:59:40","modified_gmt":"2026-04-30T08:59:40","slug":"divain-426","status":"publish","type":"product","link":"https:\/\/divainers.com\/pl\/producto\/divain-426\/","title":{"rendered":"divain.426"},"content":{"rendered":"<p>Magnetyczny i otulaj\u0105cy zapach, kt\u00f3ry budzi zmys\u0142y swoj\u0105 bogat\u0105 mieszank\u0105 soczystych owoc\u00f3w i zmys\u0142owych drzew. Od pierwszej chwili owocowa eksplozja marakui, brzoskwini i czarnej porzeczki wype\u0142nia powietrze egzotyczn\u0105 i kusz\u0105c\u0105 s\u0142odycz\u0105. W sercu delikatny kwiatowy akord splata si\u0119 z bursztynowymi niuansami, dodaj\u0105c g\u0142\u0119bi i tajemniczo\u015bci. Na ko\u0144cu baza z pi\u017cma, paczuli i drzewa sanda\u0142owego tworzy kremowy i uzale\u017cniaj\u0105cy \u015blad, pozostawiaj\u0105c niezapomniane wra\u017cenie. Hipnotyzuj\u0105cy i uwodzicielski perfum, idealny dla tych, kt\u00f3rzy szukaj\u0105 intensywnego, wyrafinowanego i pe\u0142nego osobowo\u015bci zapachu.<\/p>\n","protected":false},"excerpt":{"rendered":"<p>Przypomina Kirke od Tiziana Terenzi<\/p>\n","protected":false},"featured_media":12878,"comment_status":"open","ping_status":"closed","template":"","meta":[],"product_brand":[],"product_cat":[4021],"product_tag":[1379],"class_list":{"0":"post-12879","1":"product","2":"type-product","3":"status-publish","4":"has-post-thumbnail","6":"product_cat-tiziana-terenzi","7":"product_tag-unisex","9":"first","10":"instock","11":"shipping-taxable","12":"product-type-simple"},"_links":{"self":[{"href":"https:\/\/divainers.com\/pl\/wp-json\/wp\/v2\/product\/12879","targetHints":{"allow":["GET"]}}],"collection":[{"href":"https:\/\/divainers.com\/pl\/wp-json\/wp\/v2\/product"}],"about":[{"href":"https:\/\/divainers.com\/pl\/wp-json\/wp\/v2\/types\/product"}],"replies":[{"embeddable":true,"href":"https:\/\/divainers.com\/pl\/wp-json\/wp\/v2\/comments?post=12879"}],"wp:featuredmedia":[{"embeddable":true,"href":"https:\/\/divainers.com\/pl\/wp-json\/wp\/v2\/media\/12878"}],"wp:attachment":[{"href":"https:\/\/divainers.com\/pl\/wp-json\/wp\/v2\/media?parent=12879"}],"wp:term":[{"taxonomy":"product_brand","embeddable":true,"href":"https:\/\/divainers.com\/pl\/wp-json\/wp\/v2\/product_brand?post=12879"},{"taxonomy":"product_cat","embeddable":true,"href":"https:\/\/divainers.com\/pl\/wp-json\/wp\/v2\/product_cat?post=12879"},{"taxonomy":"product_tag","embeddable":true,"href":"https:\/\/divainers.com\/pl\/wp-json\/wp\/v2\/product_tag?post=12879"}],"curies":[{"name":"wp","href":"https:\/\/api.w.org\/{rel}","templated":true}]}}